{"id":2037,"date":"2018-06-19T15:45:00","date_gmt":"2018-06-19T19:45:00","guid":{"rendered":"https:\/\/www.aclu-ia.org\/problemas-en-las-urnas-electorales\/"},"modified":"2018-06-19T15:45:00","modified_gmt":"2018-06-19T19:45:00","slug":"problemas-en-las-urnas-electorales","status":"publish","type":"page","link":"https:\/\/www.aclu-ia.org\/es\/problemas-en-las-urnas-electorales\/","title":{"rendered":"Qu\u00e9 hacer si tiene problemas en las urnas electorales"},"content":{"rendered":"<p><sup><em>Actualizado en septiembre 2024<\/em><\/sup><\/p>\n<p><a class=\"more\" href=\"https:\/\/www.aclu-ia.org\/es\/know-your-rights\/conozca-sus-derechos-como-votante\">CONOZCA SUS DERECHOS COMO VOTANTE<\/a><\/p>\n","protected":false},"excerpt":{"rendered":"<p>Actualizado en septiembre 2024 CONOZCA SUS DERECHOS COMO VOTANTE<\/p>\n","protected":false},"author":6,"featured_media":0,"parent":0,"menu_order":0,"comment_status":"closed","ping_status":"closed","template":"","meta":{"_acf_changed":false,"_relevanssi_hide_post":"","_relevanssi_hide_content":"","_relevanssi_pin_for_all":"","_relevanssi_pin_keywords":"","_relevanssi_unpin_keywords":"","_relevanssi_related_keywords":"","_relevanssi_related_include_ids":"","_relevanssi_related_exclude_ids":"","_relevanssi_related_no_append":"","_relevanssi_related_not_related":"","_relevanssi_related_posts":"","_relevanssi_noindex_reason":"","footnotes":""},"class_list":["post-2037","page","type-page","status-publish","hentry"],"acf":{"layout":"default","header-group":{"header-description":"","show-subnav":false,"hide-from-subnav":false},"components":[{"acf_fc_layout":"text","text":{"text":"<em>Actualizado en septiembre 2024<\/em>\n\n<a class=\"more\" href=\"https:\/\/www.aclu-ia.org\/es\/know-your-rights\/conozca-sus-derechos-como-votante\">CONOZCA SUS DERECHOS COMO VOTANTE<\/a>"}},{"acf_fc_layout":"accordion","accordion":{"turn_on_faq":false,"list_style":false,"accordion-title":"","description":"","accordion-items":[{"title":"\u00bfQu\u00e9 pasa si no estoy en la lista de votantes proporcionada a los trabajadores electorales?\n","content":"<ul>\n<li>Primero, p\u00eddale a un trabajador electoral que verifique la lista otra vez y que confirme que usted est\u00e1 en el recinto electoral&nbsp;correcto seg\u00fan su direcci\u00f3n.<\/li>\n<li>Si est\u00e1 en el recinto electoral correcto pero su nombre no est\u00e1 en la lista de votantes,&nbsp;puede ya sea inscribirse para votar o pedir una papeleta de voto provisional.<\/li>\n<\/ul>\n","image_video_field_group":{"image_video_options":"image","image_group":{"image":null,"caption":"","credit":"","link-settings":"none","url":""},"video_group":{"video":null,"cover_image":null,"video_orientation":"standard"},"youtube_group":{"oembed-url":"","cover-image":null}}},{"title":"\u00bfQu\u00e9 pasa si voy al recinto electoral equivocado?\n","content":"<ul>\n<li>Pida ayuda al trabajador electoral para encontrar el recinto electoral correcto. O llame a <a href=\"http:\/\/sos.iowa.gov\/elections\/auditors\/auditorslist.html\">la oficina del auditor de su condado,<\/a> o busque su recinto electoral&nbsp;<a href=\"https:\/\/sos.iowa.gov\/elections\/voterreg\/pollingplace\/search.aspx\">aqu\u00ed.<\/a><\/li>\n<li>Tiene el derecho de emitir una papeleta provisional aunque no est\u00e1&nbsp;seguro&nbsp;si est\u00e1 en el recinto electoral&nbsp;correcto.<\/li>\n<\/ul>\n","image_video_field_group":{"image_video_options":"image","image_group":{"image":null,"caption":"","credit":"","link-settings":"none","url":""},"video_group":{"video":null,"cover_image":null,"video_orientation":"standard"},"youtube_group":{"oembed-url":"","cover-image":null}}},{"title":"\u00bfQu\u00e9 pasa si alguien pone en duda mi derecho al voto?\n","content":"El trabajador electoral podr\u00eda hacerle algunas preguntas y a la persona que disputa su derecho. Si esta persona retira la disputa, tiene derecho de votar con una papeleta regular. Si no se retira la disputa, todav\u00eda puede emitir una papeleta provisional. En ese caso le entregar\u00e1n un impreso con instrucciones que deber\u00e1 seguir para asegurarse de que al final se acepte.\n\n\n","image_video_field_group":{"image_video_options":"image","image_group":{"image":null,"caption":"","credit":"","link-settings":"none","url":""},"video_group":{"video":null,"cover_image":null,"video_orientation":"standard"},"youtube_group":{"oembed-url":"","cover-image":null}}},{"title":"\u00bfQu\u00e9 pasa si alguien trata de intimidarme o acosarme?\n","content":"Informe inmediatamente a alg\u00fan trabajador del recinto electoral. Si el trabajador del recinto es el problema, llame a la oficina del auditor de su condado, o llame a la l\u00ednea de protecci\u00f3n electoral 866-OUR-VOTE (866-687-8683).\n\n\n","image_video_field_group":{"image_video_options":"image","image_group":{"image":null,"caption":"","credit":"","link-settings":"none","url":""},"video_group":{"video":null,"cover_image":null,"video_orientation":"standard"},"youtube_group":{"oembed-url":"","cover-image":null}}},{"title":"\u00bfQu\u00e9 pasa si me equivoco al rellenar mi papeleta o si la m\u00e1quina de votar funciona mal?\n","content":"<ul>\n<li>D\u00edgaselo a un trabajador electoral antes de emitir su voto. No trate de borrar nada&nbsp;en su papeleta.<\/li>\n<li>Se le dar\u00e1 una papeleta nueva. Tiene derecho a que le den hasta dos papeletas de reemplazo, siempre y cuando se d\u00e9 cuenta de su error antes de emitir su voto.&nbsp;<\/li>\n<li>Si su m\u00e1quina de votar no funciona bien, solicite otra&nbsp;m\u00e1quina&nbsp;o una papeleta para votar&nbsp;en papel.<\/li>\n<\/ul>\n","image_video_field_group":{"image_video_options":"image","image_group":{"image":null,"caption":"","credit":"","link-settings":"none","url":""},"video_group":{"video":null,"cover_image":null,"video_orientation":"standard"},"youtube_group":{"oembed-url":"","cover-image":null}}},{"title":"C\u00f3mo puedo presentar una queja?\n","content":"<ul>\n<li>Primero, pregunte por el encargado en su recinto electoral. Esta persona&nbsp;puede solucionar&nbsp;la mayor\u00eda de las quejas. Los candidatos, partidos pol\u00edticos y grupos sin fines de lucro tambi\u00e9n tienen a menudo&nbsp;observadores electorales en los recintos electorales, y es posible que puedan ayudarlo. Si alguna de estas personas le pregunta&nbsp;por qui\u00e9n vot\u00f3&nbsp;o si&nbsp;no pudieron solucionar su queja, llame <a href=\"https:\/\/sos.iowa.gov\/elections\/auditors\/auditorslist.html\">la oficina del auditor de su condado<\/a> o <a href=\"https:\/\/sos.iowa.gov\/elections\/voterinformation\/index.html\">la oficina del&nbsp;Secretario de&nbsp;Estado.<\/a><\/li>\n<li>Tambi\u00e9n puede llamar a una de las l\u00edneas de asistencia electoral listadas <a href=\"https:\/\/www.aclu-ia.org\/es\/tiene-preguntas-necesita-ayuda\/\">aqu\u00ed.<\/a><\/li>\n<\/ul>\n","image_video_field_group":{"image_video_options":"image","image_group":{"image":null,"caption":"","credit":"","link-settings":"none","url":""},"video_group":{"video":null,"cover_image":null,"video_orientation":"standard"},"youtube_group":{"oembed-url":"","cover-image":null}}}]}}],"section":null,"issues":null,"related_content":[],"documents":null},"yoast_head":"<!-- This site is optimized with the Yoast SEO plugin v24.9 - https:\/\/yoast.com\/wordpress\/plugins\/seo\/ -->\n<title>Qu\u00e9 hacer si tiene problemas en las urnas electorales - ACLU of Iowa<\/title>\n<meta name=\"robots\" content=\"index, follow, max-snippet:-1, max-image-preview:large, max-video-preview:-1\" \/>\n<link rel=\"canonical\" href=\"http:\/\/www.aclu-ia.org\/what-do-if-you-have-problems-polls\/\" \/>\n<meta property=\"og:locale\" content=\"es_ES\" \/>\n<meta property=\"og:type\" content=\"article\" \/>\n<meta property=\"og:title\" content=\"Qu\u00e9 hacer si tiene problemas en las urnas electorales - ACLU of Iowa\" \/>\n<meta property=\"og:description\" content=\"Actualizado en septiembre 2024 CONOZCA SUS DERECHOS COMO VOTANTE\" \/>\n<meta property=\"og:url\" content=\"https:\/\/www.aclu-ia.org\/es\/problemas-en-las-urnas-electorales\/\" \/>\n<meta property=\"og:site_name\" content=\"ACLU of Iowa\" \/>\n<meta property=\"og:image\" content=\"https:\/\/www.aclu-ia.org\/app\/themes\/aclu-parent\/img\/default_fb_share.jpg\" \/>\n<meta name=\"twitter:card\" content=\"summary_large_image\" \/>\n<script type=\"application\/ld+json\" class=\"yoast-schema-graph\">{\"@context\":\"https:\/\/schema.org\",\"@graph\":[{\"@type\":\"WebPage\",\"@id\":\"http:\/\/www.aclu-ia.org\/what-do-if-you-have-problems-polls\/\",\"url\":\"http:\/\/www.aclu-ia.org\/what-do-if-you-have-problems-polls\/\",\"name\":\"Qu\u00e9 hacer si tiene problemas en las urnas electorales - ACLU of Iowa\",\"isPartOf\":{\"@id\":\"https:\/\/www.aclu-ia.org\/#website\"},\"datePublished\":\"2018-06-19T19:45:00+00:00\",\"inLanguage\":\"es-ES\",\"potentialAction\":[{\"@type\":\"ReadAction\",\"target\":[\"http:\/\/www.aclu-ia.org\/what-do-if-you-have-problems-polls\/\"]}]},{\"@type\":\"WebSite\",\"@id\":\"https:\/\/www.aclu-ia.org\/#website\",\"url\":\"https:\/\/www.aclu-ia.org\/\",\"name\":\"ACLU of Iowa\",\"description\":\"An Iowa We Can Believe In\",\"publisher\":{\"@id\":\"https:\/\/www.aclu-ia.org\/#organization\"},\"potentialAction\":[{\"@type\":\"SearchAction\",\"target\":{\"@type\":\"EntryPoint\",\"urlTemplate\":\"https:\/\/www.aclu-ia.org\/?s={search_term_string}\"},\"query-input\":{\"@type\":\"PropertyValueSpecification\",\"valueRequired\":true,\"valueName\":\"search_term_string\"}}],\"inLanguage\":\"es-ES\"},{\"@type\":\"Organization\",\"@id\":\"https:\/\/www.aclu-ia.org\/#organization\",\"name\":\"ACLU of Iowa\",\"url\":\"https:\/\/www.aclu-ia.org\/\",\"logo\":{\"@type\":\"ImageObject\",\"inLanguage\":\"es-ES\",\"@id\":\"https:\/\/www.aclu-ia.org\/#\/schema\/logo\/image\/\",\"url\":\"https:\/\/www.aclu-ia.org\/app\/uploads\/2025\/08\/ACLU_Iowa_Moblie-Web_Color_RGB.png\",\"contentUrl\":\"https:\/\/www.aclu-ia.org\/app\/uploads\/2025\/08\/ACLU_Iowa_Moblie-Web_Color_RGB.png\",\"width\":2084,\"height\":2084,\"caption\":\"ACLU of Iowa\"},\"image\":{\"@id\":\"https:\/\/www.aclu-ia.org\/#\/schema\/logo\/image\/\"}}]}<\/script>\n<!-- \/ Yoast SEO plugin. -->","yoast_head_json":{"title":"Qu\u00e9 hacer si tiene problemas en las urnas electorales - ACLU of Iowa","robots":{"index":"index","follow":"follow","max-snippet":"max-snippet:-1","max-image-preview":"max-image-preview:large","max-video-preview":"max-video-preview:-1"},"canonical":"http:\/\/www.aclu-ia.org\/what-do-if-you-have-problems-polls\/","og_locale":"es_ES","og_type":"article","og_title":"Qu\u00e9 hacer si tiene problemas en las urnas electorales - ACLU of Iowa","og_description":"Actualizado en septiembre 2024 CONOZCA SUS DERECHOS COMO VOTANTE","og_url":"https:\/\/www.aclu-ia.org\/es\/problemas-en-las-urnas-electorales\/","og_site_name":"ACLU of Iowa","og_image":[{"url":"https:\/\/www.aclu-ia.org\/app\/themes\/aclu-parent\/img\/default_fb_share.jpg","type":"","width":"","height":""}],"twitter_card":"summary_large_image","schema":{"@context":"https:\/\/schema.org","@graph":[{"@type":"WebPage","@id":"http:\/\/www.aclu-ia.org\/what-do-if-you-have-problems-polls\/","url":"http:\/\/www.aclu-ia.org\/what-do-if-you-have-problems-polls\/","name":"Qu\u00e9 hacer si tiene problemas en las urnas electorales - ACLU of Iowa","isPartOf":{"@id":"https:\/\/www.aclu-ia.org\/#website"},"datePublished":"2018-06-19T19:45:00+00:00","inLanguage":"es-ES","potentialAction":[{"@type":"ReadAction","target":["http:\/\/www.aclu-ia.org\/what-do-if-you-have-problems-polls\/"]}]},{"@type":"WebSite","@id":"https:\/\/www.aclu-ia.org\/#website","url":"https:\/\/www.aclu-ia.org\/","name":"ACLU of Iowa","description":"An Iowa We Can Believe In","publisher":{"@id":"https:\/\/www.aclu-ia.org\/#organization"},"potentialAction":[{"@type":"SearchAction","target":{"@type":"EntryPoint","urlTemplate":"https:\/\/www.aclu-ia.org\/?s={search_term_string}"},"query-input":{"@type":"PropertyValueSpecification","valueRequired":true,"valueName":"search_term_string"}}],"inLanguage":"es-ES"},{"@type":"Organization","@id":"https:\/\/www.aclu-ia.org\/#organization","name":"ACLU of Iowa","url":"https:\/\/www.aclu-ia.org\/","logo":{"@type":"ImageObject","inLanguage":"es-ES","@id":"https:\/\/www.aclu-ia.org\/#\/schema\/logo\/image\/","url":"https:\/\/www.aclu-ia.org\/app\/uploads\/2025\/08\/ACLU_Iowa_Moblie-Web_Color_RGB.png","contentUrl":"https:\/\/www.aclu-ia.org\/app\/uploads\/2025\/08\/ACLU_Iowa_Moblie-Web_Color_RGB.png","width":2084,"height":2084,"caption":"ACLU of Iowa"},"image":{"@id":"https:\/\/www.aclu-ia.org\/#\/schema\/logo\/image\/"}}]}},"distributor_meta":false,"distributor_terms":false,"distributor_media":false,"distributor_original_site_name":"ACLU of Iowa","distributor_original_site_url":"https:\/\/www.aclu-ia.org\/es\/","push-errors":false,"_links":{"self":[{"href":"https:\/\/www.aclu-ia.org\/es\/wp-json\/wp\/v2\/pages\/2037","targetHints":{"allow":["GET"]}}],"collection":[{"href":"https:\/\/www.aclu-ia.org\/es\/wp-json\/wp\/v2\/pages"}],"about":[{"href":"https:\/\/www.aclu-ia.org\/es\/wp-json\/wp\/v2\/types\/page"}],"author":[{"embeddable":true,"href":"https:\/\/www.aclu-ia.org\/es\/wp-json\/wp\/v2\/users\/6"}],"replies":[{"embeddable":true,"href":"https:\/\/www.aclu-ia.org\/es\/wp-json\/wp\/v2\/comments?post=2037"}],"version-history":[{"count":0,"href":"https:\/\/www.aclu-ia.org\/es\/wp-json\/wp\/v2\/pages\/2037\/revisions"}],"wp:attachment":[{"href":"https:\/\/www.aclu-ia.org\/es\/wp-json\/wp\/v2\/media?parent=2037"}],"curies":[{"name":"wp","href":"https:\/\/api.w.org\/{rel}","templated":true}]}}