{"id":2035,"date":"2018-06-19T15:45:00","date_gmt":"2018-06-19T19:45:00","guid":{"rendered":"https:\/\/www.aclu-ia.org\/id-del-votante\/"},"modified":"2018-06-19T15:45:00","modified_gmt":"2018-06-19T19:45:00","slug":"id-del-votante","status":"publish","type":"page","link":"https:\/\/www.aclu-ia.org\/es\/id-del-votante\/","title":{"rendered":"Documentos de identidad para votar en Iowa"},"content":{"rendered":"<p><sup><em>Actualizado en septiembre 2024<\/em><\/sup><\/p>\n<p><a class=\"more\" href=\"https:\/\/www.aclu-ia.org\/es\/know-your-rights\/conozca-sus-derechos-como-votante\">Conozca Sus Derechos Como Votante<\/a><\/p>\n","protected":false},"excerpt":{"rendered":"<p>Actualizado en septiembre 2024 Conozca Sus Derechos Como Votante<\/p>\n","protected":false},"author":6,"featured_media":0,"parent":0,"menu_order":0,"comment_status":"closed","ping_status":"closed","template":"","meta":{"_acf_changed":false,"_relevanssi_hide_post":"","_relevanssi_hide_content":"","_relevanssi_pin_for_all":"","_relevanssi_pin_keywords":"","_relevanssi_unpin_keywords":"","_relevanssi_related_keywords":"","_relevanssi_related_include_ids":"","_relevanssi_related_exclude_ids":"","_relevanssi_related_no_append":"","_relevanssi_related_not_related":"","_relevanssi_related_posts":"","_relevanssi_noindex_reason":"","footnotes":""},"class_list":["post-2035","page","type-page","status-publish","hentry"],"acf":{"layout":"default","header-group":{"header-description":"","show-subnav":false,"hide-from-subnav":false},"components":[{"acf_fc_layout":"text","text":{"text":"<em>Actualizado en septiembre 2024<\/em>\n\n<a class=\"more\" href=\"https:\/\/www.aclu-ia.org\/es\/know-your-rights\/conozca-sus-derechos-como-votante\">Conozca Sus Derechos Como Votante<\/a>"}},{"acf_fc_layout":"accordion","accordion":{"turn_on_faq":false,"list_style":false,"accordion-title":"","description":"","accordion-items":[{"title":"\u00bfTengo que mostrar un documento de identidad?\n","content":"S\u00ed. En Iowa es necesario mostrar un documento de identidad para votar. El documento tiene que demostrar su identidad (qui\u00e9n es usted) y su residencia (d\u00f3nde vive).\n\n\n","image_video_field_group":{"image_video_options":"image","image_group":{"image":null,"caption":"","credit":"","link-settings":"none","url":""},"video_group":{"video":null,"cover_image":null,"video_orientation":"standard"},"youtube_group":{"oembed-url":"","cover-image":null}}},{"title":"\u00bfQu\u00e9 clase de documentos de identidad se aceptan?\n","content":"<ul>\n<li>La tarjeta de identidad para votantes en Iowa (\u201cIowa Voter ID card.\u201d) Si est\u00e1 inscrito para votar, puede pedir esta tarjeta de forma gratuita al auditor de su&nbsp;condado.<\/li>\n<\/ul>\nCualquiera de los siguientes son documentos aceptables, siempre y cuando&nbsp;incluyan una foto y sigan vigentes:\n\n\n<ul>\n<li>Licencia de conducir o tarjeta de identidad (\u201cNon-operator ID card\u201d) de Iowa o de otro estado<\/li>\n<li>Pasaporte de los EE. UU.<\/li>\n<li>Carnet de ID militar de los EE. UU.<\/li>\n<li>Tarjeta de identificaci\u00f3n tribal u otro documento de pertenencia tribal emitido por una tribu o&nbsp;naci\u00f3n reconocida federalmente<\/li>\n<li>Documento de identificaci\u00f3n de su trabajo<\/li>\n<\/ul>\nSi su documento de identidad no contiene su direcci\u00f3n actual, debe mostrar tambi\u00e9n uno de los documentos siguientes:\n\n\n<ul>\n<li>Contrato de arrendamiento residencial<\/li>\n<li>Documento del impuesto sobre la propiedad inmobiliaria<\/li>\n<li>Factura de agua, electricidad, etc.<\/li>\n<li>Estado de cuenta bancaria<\/li>\n<li>Cheque de pago del sueldo<\/li>\n<li>Cheque del gobierno<\/li>\n<li>Cualquier otro documento del gobierno<\/li>\n<\/ul>\nEl documento para probar su residencia debe incluir su nombre y direcci\u00f3n actual en el distrito electoral, llevar fecha y demostrar que ha vivido all\u00ed durante los \u00faltimos 45 d\u00edas. Por ejemplo, una factura del agua de hace dos meses (o 60 d\u00edas) no sirve, pero una factura del \u00faltimo mes s\u00ed.\n\n\n","image_video_field_group":{"image_video_options":"image","image_group":{"image":null,"caption":"","credit":"","link-settings":"none","url":""},"video_group":{"video":null,"cover_image":null,"video_orientation":"standard"},"youtube_group":{"oembed-url":"","cover-image":null}}},{"title":"\u00bfQu\u00e9 pasa si no tengo ning\u00fan documento de identidad autorizado?\n","content":"<ul>\n<li>Otro votante inscrito en el mismo distrito electoral puede dar fe de su identidad y residencia. Esta persona deber\u00e1 presentar un documento de identidad y firmar una declaraci\u00f3n jurada. Esto le permitir\u00e1 votar con una papeleta normal.<\/li>\n<li>Las papeletas provisionales son otra opci\u00f3n. Estas papeletas&nbsp;se usan cuando no est\u00e1 claro en ese momento si el votante tiene derecho al voto.&nbsp;<\/li>\n<li>Se le dar\u00e1 un impreso en que se explica el motivo de uso de la papeleta provisional. Si la raz\u00f3n es que se inscribi\u00f3 el d\u00eda de las elecciones y no ten\u00eda las credenciales apropiadas, se le proporcionar\u00e1 una lista de documentos de identidad autorizados. Deber\u00e1 llevar las credenciales el mismo d\u00eda de las elecciones al recinto&nbsp;electoral antes de su cierre a las 8:00 p.m., o a la oficina del auditor de su&nbsp;condado dentro del plazo indicado en el impreso.<\/li>\n<\/ul>\n","image_video_field_group":{"image_video_options":"image","image_group":{"image":null,"caption":"","credit":"","link-settings":"none","url":""},"video_group":{"video":null,"cover_image":null,"video_orientation":"standard"},"youtube_group":{"oembed-url":"","cover-image":null}}},{"title":"\u00bfSe contar\u00e1 mi voto provisional?\n","content":"<ul>\n<li>S\u00ed, siempre y cuando&nbsp;siga las instrucciones del impreso que se le dio cuando emiti\u00f3 su voto provisional.<\/li>\n<li>Si el problema es el documento de identidad, y tiene tiempo y tiene el documento en su casa o en el trabajo, es preferible que vaya a buscarlo y regrese al recinto&nbsp;para poder votar con una papeleta normal.<\/li>\n<\/ul>\nSi tiene m\u00e1s preguntas, comun\u00edquese con&nbsp;<a href=\"https:\/\/sos.iowa.gov\/elections\/auditors\/auditorslist.html\">la oficina del auditor de su condado<\/a>&nbsp;o vaya a la&nbsp;<a href=\"https:\/\/sos.iowa.gov\/elections\/voterinformation\/index.html\">p\u00e1gina de Secretario de Estado.<\/a>\n\n\n","image_video_field_group":{"image_video_options":"image","image_group":{"image":null,"caption":"","credit":"","link-settings":"none","url":""},"video_group":{"video":null,"cover_image":null,"video_orientation":"standard"},"youtube_group":{"oembed-url":"","cover-image":null}}}]}}],"section":null,"issues":null,"related_content":[],"documents":null},"yoast_head":"<!-- This site is optimized with the Yoast SEO plugin v24.9 - https:\/\/yoast.com\/wordpress\/plugins\/seo\/ -->\n<title>Documentos de identidad para votar en Iowa - ACLU of Iowa<\/title>\n<meta name=\"robots\" content=\"index, follow, max-snippet:-1, max-image-preview:large, max-video-preview:-1\" \/>\n<link rel=\"canonical\" href=\"http:\/\/www.aclu-ia.org\/iowa-voter-id-faqs\/\" \/>\n<meta property=\"og:locale\" content=\"es_ES\" \/>\n<meta property=\"og:type\" content=\"article\" \/>\n<meta property=\"og:title\" content=\"Documentos de identidad para votar en Iowa - ACLU of Iowa\" \/>\n<meta property=\"og:description\" content=\"Actualizado en septiembre 2024 Conozca Sus Derechos Como Votante\" \/>\n<meta property=\"og:url\" content=\"https:\/\/www.aclu-ia.org\/es\/id-del-votante\/\" \/>\n<meta property=\"og:site_name\" content=\"ACLU of Iowa\" \/>\n<meta property=\"og:image\" content=\"https:\/\/www.aclu-ia.org\/app\/themes\/aclu-parent\/img\/default_fb_share.jpg\" \/>\n<meta name=\"twitter:card\" content=\"summary_large_image\" \/>\n<script type=\"application\/ld+json\" class=\"yoast-schema-graph\">{\"@context\":\"https:\/\/schema.org\",\"@graph\":[{\"@type\":\"WebPage\",\"@id\":\"http:\/\/www.aclu-ia.org\/iowa-voter-id-faqs\/\",\"url\":\"http:\/\/www.aclu-ia.org\/iowa-voter-id-faqs\/\",\"name\":\"Documentos de identidad para votar en Iowa - ACLU of Iowa\",\"isPartOf\":{\"@id\":\"https:\/\/www.aclu-ia.org\/#website\"},\"datePublished\":\"2018-06-19T19:45:00+00:00\",\"inLanguage\":\"es-ES\",\"potentialAction\":[{\"@type\":\"ReadAction\",\"target\":[\"http:\/\/www.aclu-ia.org\/iowa-voter-id-faqs\/\"]}]},{\"@type\":\"WebSite\",\"@id\":\"https:\/\/www.aclu-ia.org\/#website\",\"url\":\"https:\/\/www.aclu-ia.org\/\",\"name\":\"ACLU of Iowa\",\"description\":\"An Iowa We Can Believe In\",\"publisher\":{\"@id\":\"https:\/\/www.aclu-ia.org\/#organization\"},\"potentialAction\":[{\"@type\":\"SearchAction\",\"target\":{\"@type\":\"EntryPoint\",\"urlTemplate\":\"https:\/\/www.aclu-ia.org\/?s={search_term_string}\"},\"query-input\":{\"@type\":\"PropertyValueSpecification\",\"valueRequired\":true,\"valueName\":\"search_term_string\"}}],\"inLanguage\":\"es-ES\"},{\"@type\":\"Organization\",\"@id\":\"https:\/\/www.aclu-ia.org\/#organization\",\"name\":\"ACLU of Iowa\",\"url\":\"https:\/\/www.aclu-ia.org\/\",\"logo\":{\"@type\":\"ImageObject\",\"inLanguage\":\"es-ES\",\"@id\":\"https:\/\/www.aclu-ia.org\/#\/schema\/logo\/image\/\",\"url\":\"https:\/\/www.aclu-ia.org\/app\/uploads\/2025\/08\/ACLU_Iowa_Moblie-Web_Color_RGB.png\",\"contentUrl\":\"https:\/\/www.aclu-ia.org\/app\/uploads\/2025\/08\/ACLU_Iowa_Moblie-Web_Color_RGB.png\",\"width\":2084,\"height\":2084,\"caption\":\"ACLU of Iowa\"},\"image\":{\"@id\":\"https:\/\/www.aclu-ia.org\/#\/schema\/logo\/image\/\"}}]}<\/script>\n<!-- \/ Yoast SEO plugin. -->","yoast_head_json":{"title":"Documentos de identidad para votar en Iowa - ACLU of Iowa","robots":{"index":"index","follow":"follow","max-snippet":"max-snippet:-1","max-image-preview":"max-image-preview:large","max-video-preview":"max-video-preview:-1"},"canonical":"http:\/\/www.aclu-ia.org\/iowa-voter-id-faqs\/","og_locale":"es_ES","og_type":"article","og_title":"Documentos de identidad para votar en Iowa - ACLU of Iowa","og_description":"Actualizado en septiembre 2024 Conozca Sus Derechos Como Votante","og_url":"https:\/\/www.aclu-ia.org\/es\/id-del-votante\/","og_site_name":"ACLU of Iowa","og_image":[{"url":"https:\/\/www.aclu-ia.org\/app\/themes\/aclu-parent\/img\/default_fb_share.jpg","type":"","width":"","height":""}],"twitter_card":"summary_large_image","schema":{"@context":"https:\/\/schema.org","@graph":[{"@type":"WebPage","@id":"http:\/\/www.aclu-ia.org\/iowa-voter-id-faqs\/","url":"http:\/\/www.aclu-ia.org\/iowa-voter-id-faqs\/","name":"Documentos de identidad para votar en Iowa - ACLU of Iowa","isPartOf":{"@id":"https:\/\/www.aclu-ia.org\/#website"},"datePublished":"2018-06-19T19:45:00+00:00","inLanguage":"es-ES","potentialAction":[{"@type":"ReadAction","target":["http:\/\/www.aclu-ia.org\/iowa-voter-id-faqs\/"]}]},{"@type":"WebSite","@id":"https:\/\/www.aclu-ia.org\/#website","url":"https:\/\/www.aclu-ia.org\/","name":"ACLU of Iowa","description":"An Iowa We Can Believe In","publisher":{"@id":"https:\/\/www.aclu-ia.org\/#organization"},"potentialAction":[{"@type":"SearchAction","target":{"@type":"EntryPoint","urlTemplate":"https:\/\/www.aclu-ia.org\/?s={search_term_string}"},"query-input":{"@type":"PropertyValueSpecification","valueRequired":true,"valueName":"search_term_string"}}],"inLanguage":"es-ES"},{"@type":"Organization","@id":"https:\/\/www.aclu-ia.org\/#organization","name":"ACLU of Iowa","url":"https:\/\/www.aclu-ia.org\/","logo":{"@type":"ImageObject","inLanguage":"es-ES","@id":"https:\/\/www.aclu-ia.org\/#\/schema\/logo\/image\/","url":"https:\/\/www.aclu-ia.org\/app\/uploads\/2025\/08\/ACLU_Iowa_Moblie-Web_Color_RGB.png","contentUrl":"https:\/\/www.aclu-ia.org\/app\/uploads\/2025\/08\/ACLU_Iowa_Moblie-Web_Color_RGB.png","width":2084,"height":2084,"caption":"ACLU of Iowa"},"image":{"@id":"https:\/\/www.aclu-ia.org\/#\/schema\/logo\/image\/"}}]}},"distributor_meta":false,"distributor_terms":false,"distributor_media":false,"distributor_original_site_name":"ACLU of Iowa","distributor_original_site_url":"https:\/\/www.aclu-ia.org\/es\/","push-errors":false,"_links":{"self":[{"href":"https:\/\/www.aclu-ia.org\/es\/wp-json\/wp\/v2\/pages\/2035","targetHints":{"allow":["GET"]}}],"collection":[{"href":"https:\/\/www.aclu-ia.org\/es\/wp-json\/wp\/v2\/pages"}],"about":[{"href":"https:\/\/www.aclu-ia.org\/es\/wp-json\/wp\/v2\/types\/page"}],"author":[{"embeddable":true,"href":"https:\/\/www.aclu-ia.org\/es\/wp-json\/wp\/v2\/users\/6"}],"replies":[{"embeddable":true,"href":"https:\/\/www.aclu-ia.org\/es\/wp-json\/wp\/v2\/comments?post=2035"}],"version-history":[{"count":0,"href":"https:\/\/www.aclu-ia.org\/es\/wp-json\/wp\/v2\/pages\/2035\/revisions"}],"wp:attachment":[{"href":"https:\/\/www.aclu-ia.org\/es\/wp-json\/wp\/v2\/media?parent=2035"}],"curies":[{"name":"wp","href":"https:\/\/api.w.org\/{rel}","templated":true}]}}