{"id":2027,"date":"2018-06-19T15:30:00","date_gmt":"2018-06-19T19:30:00","guid":{"rendered":"https:\/\/www.aclu-ia.org\/inscripcion\/"},"modified":"2018-06-19T15:30:00","modified_gmt":"2018-06-19T19:30:00","slug":"inscripcion","status":"publish","type":"page","link":"https:\/\/www.aclu-ia.org\/es\/inscripcion\/","title":{"rendered":"Inscripci\u00f3n para votar en Iowa"},"content":{"rendered":"<p><sup><em>Actualizado en septiembre 2024<\/em><\/sup><\/p>\n<p><a class=\"more\" href=\"https:\/\/www.aclu-ia.org\/es\/know-your-rights\/conozca-sus-derechos-como-votante\">CONOZCA SUS DERECHOS COMO VOTANTE<\/a><\/p>\n","protected":false},"excerpt":{"rendered":"<p>Actualizado en septiembre 2024 CONOZCA SUS DERECHOS COMO VOTANTE<\/p>\n","protected":false},"author":6,"featured_media":0,"parent":0,"menu_order":0,"comment_status":"closed","ping_status":"closed","template":"","meta":{"_acf_changed":false,"_relevanssi_hide_post":"","_relevanssi_hide_content":"","_relevanssi_pin_for_all":"","_relevanssi_pin_keywords":"","_relevanssi_unpin_keywords":"","_relevanssi_related_keywords":"","_relevanssi_related_include_ids":"","_relevanssi_related_exclude_ids":"","_relevanssi_related_no_append":"","_relevanssi_related_not_related":"","_relevanssi_related_posts":"","_relevanssi_noindex_reason":"","footnotes":""},"class_list":["post-2027","page","type-page","status-publish","hentry"],"acf":{"layout":"default","header-group":{"header-description":"","show-subnav":false,"hide-from-subnav":false},"components":[{"acf_fc_layout":"text","text":{"text":"<em>Actualizado en septiembre 2024<\/em>\n\n<a class=\"more\" href=\"https:\/\/www.aclu-ia.org\/es\/know-your-rights\/conozca-sus-derechos-como-votante\">CONOZCA SUS DERECHOS COMO VOTANTE<\/a>"}},{"acf_fc_layout":"accordion","accordion":{"turn_on_faq":false,"list_style":false,"accordion-title":"","description":"","accordion-items":[{"title":"Qu\u00e9 es la inscripci\u00f3n para votar?\n","content":"Antes de poder votar, tiene que inscribirse para votar. Es posible que necesite inscribirse de nuevo, incluso si ya se hab\u00eda inscrito antes. Consulte los detalles en el men\u00fa de la izquierda.\n\n\n","image_video_field_group":{"image_video_options":"image","image_group":{"image":null,"caption":"","credit":"","link-settings":"none","url":""},"video_group":{"video":null,"cover_image":null,"video_orientation":"standard"},"youtube_group":{"oembed-url":"","cover-image":null}}},{"title":"\u00bfC\u00f3mo s\u00e9 si estoy inscrito?\n","content":"Puede&nbsp;asegurarse que est\u00e1 inscrito&nbsp;<a href=\"https:\/\/sos.iowa.gov\/elections\/voterreg\/regtovote\/search.aspx\">aqu\u00ed<\/a>&nbsp;o llame el auditor de su condado.\n\n\n","image_video_field_group":{"image_video_options":"image","image_group":{"image":null,"caption":"","credit":"","link-settings":"none","url":""},"video_group":{"video":null,"cover_image":null,"video_orientation":"standard"},"youtube_group":{"oembed-url":"","cover-image":null}}},{"title":"\u00bfC\u00f3mo puedo inscribirme para votar?\n","content":"<ul>\n<li><strong>En persona<\/strong> al llenar el formulario de inscripci\u00f3n para votar en la oficina del auditor de su&nbsp;condado.<\/li>\n<li><strong>Por correo<\/strong> al llenar un formulario de inscripci\u00f3n para votar y envi\u00e1ndolo&nbsp;por correo a la oficina del auditor de su condado. Puede adquirir un <a href=\"https:\/\/sos.iowa.gov\/elections\/pdf\/voteapp.pdf\">formulario de inscripci\u00f3n para votar en l\u00ednea aqu\u00ed<\/a>.&nbsp;Tambi\u00e9n est\u00e1 disponible en bibliotecas, universidades y escuelas secundarias, en la oficina del auditor del condado o en la oficina del Secretario de Estado de Iowa. Llene el formulario y regr\u00e9selo al auditor de su condado por correo o en persona.<\/li>\n<li><strong>Cuando solicite servicios<\/strong> en cualquier oficina del Departamento de Transporte de Iowa&nbsp;(Iowa DOT), en agencias estatales que brindan asistencia p\u00fablica (como Medicaid, WIC, y estampillas de comida), o servicios para personas con discapacidades. Tambi\u00e9n puede inscribirse en muchas otras oficinas y agencias estatales o federales.<\/li>\n<li><strong>El d\u00eda de las elecciones <\/strong>en su recinto electoral.<\/li>\n<li><strong>Por internet <\/strong>si tiene una licencia de conducir vigente o una tarjeta de identidad de Iowa (\u201cnon-operator ID Card\u201d). <a href=\"https:\/\/mymvd.iowadot.gov\/Account\/Login?ReturnUrl=%2fvoterregistration\">Vaya aqu\u00ed<\/a> si desea inscribirse para votar a trav\u00e9s de la p\u00e1gina web del Departamento de Transporte de Iowa.<\/li>\n<\/ul>\n","image_video_field_group":{"image_video_options":"image","image_group":{"image":null,"caption":"","credit":"","link-settings":"none","url":""},"video_group":{"video":null,"cover_image":null,"video_orientation":"standard"},"youtube_group":{"oembed-url":"","cover-image":null}}},{"title":"\u00bfCu\u00e1ndo es la fecha l\u00edmite para inscribirse?\n","content":"Su solicitud para inscribirse debe tener matasello de correos como m\u00e1ximo de 15 d\u00edas antes del d\u00eda de las elecciones. Si se le pasa el plazo, puede inscribirse para votar en persona o en la oficina del auditor de su condado. Tambi\u00e9n puede inscribirse para votar directamente en su recinto electoral el d\u00eda de las elecciones.\n\n\n","image_video_field_group":{"image_video_options":"image","image_group":{"image":null,"caption":"","credit":"","link-settings":"none","url":""},"video_group":{"video":null,"cover_image":null,"video_orientation":"standard"},"youtube_group":{"oembed-url":"","cover-image":null}}},{"title":"\u00bfQu\u00e9 pasa si dejo pasar la fecha l\u00edmite?\n","content":"Todav\u00eda puede votar inscribi\u00e9ndose en su recinto electoral durante el d\u00eda de las elecciones. Tendr\u00e1 que&nbsp;comprobar su&nbsp;identidad y lugar de residencia.&nbsp;Traiga la documentaci\u00f3n apropiada o a otro votante del mismo distrito electoral que pueda dar fe de sus datos. <a href=\"https:\/\/www.aclu-ia.org\/es\/node\/606\">(La lista de&nbsp;credenciales&nbsp;que se aceptan est\u00e1 aqu\u00ed).<\/a>\n\n\n","image_video_field_group":{"image_video_options":"image","image_group":{"image":null,"caption":"","credit":"","link-settings":"none","url":""},"video_group":{"video":null,"cover_image":null,"video_orientation":"standard"},"youtube_group":{"oembed-url":"","cover-image":null}}},{"title":"\u00bfQu\u00e9 pasa si me mudo o cambio mi nombre?\n","content":"<ul>\n<li>Tiene que notificar por escrito al auditor de su condado cada vez que cambie de&nbsp;nombre.<\/li>\n<li>Tiene que actualizar su inscripci\u00f3n&nbsp;cada vez que se mude. Esto incluye tanto las mudanzas grandes (como un traslado al estado de Iowa o a otra ciudad dentro de Iowa) o las mudanzas menores (como un cambio de apartamento dentro del mismo edificio).<\/li>\n<li>Si se muda y no se vuelve a inscribir, a\u00fan puede&nbsp;votar. El d\u00eda de las elecciones vaya a su recinto electoral e inscr\u00edbase&nbsp;all\u00ed. Tendr\u00e1 que comprobar su identidad y lugar de residencia.&nbsp;Traiga la documentaci\u00f3n apropiada o a otro votante del mismo precinto que pueda dar fe de sus datos.&nbsp;<a href=\"https:\/\/www.aclu-ia.org\/es\/node\/606\">Haga clic aqu\u00ed para&nbsp;mas detalles.<\/a><\/li>\n<\/ul>\nSi tiene m\u00e1s preguntas, comun\u00edquese con&nbsp;<a href=\"https:\/\/sos.iowa.gov\/elections\/auditors\/auditorslist.html\">la oficina del auditor de su condado<\/a>&nbsp;o vaya a la&nbsp;<a href=\"https:\/\/sos.iowa.gov\/elections\/voterinformation\/index.html\">p\u00e1gina de Secretario de Estado.<\/a>\n\n\n","image_video_field_group":{"image_video_options":"image","image_group":{"image":null,"caption":"","credit":"","link-settings":"none","url":""},"video_group":{"video":null,"cover_image":null,"video_orientation":"standard"},"youtube_group":{"oembed-url":"","cover-image":null}}}]}}],"section":null,"issues":null,"related_content":[],"documents":null},"yoast_head":"<!-- This site is optimized with the Yoast SEO plugin v24.9 - https:\/\/yoast.com\/wordpress\/plugins\/seo\/ -->\n<title>Inscripci\u00f3n para votar en Iowa - ACLU of Iowa<\/title>\n<meta name=\"robots\" content=\"index, follow, max-snippet:-1, max-image-preview:large, max-video-preview:-1\" \/>\n<link rel=\"canonical\" href=\"http:\/\/www.aclu-ia.org\/voter-registration-iowa-basics\/\" \/>\n<meta property=\"og:locale\" content=\"es_ES\" \/>\n<meta property=\"og:type\" content=\"article\" \/>\n<meta property=\"og:title\" content=\"Inscripci\u00f3n para votar en Iowa - ACLU of Iowa\" \/>\n<meta property=\"og:description\" content=\"Actualizado en septiembre 2024 CONOZCA SUS DERECHOS COMO VOTANTE\" \/>\n<meta property=\"og:url\" content=\"https:\/\/www.aclu-ia.org\/es\/inscripcion\/\" \/>\n<meta property=\"og:site_name\" content=\"ACLU of Iowa\" \/>\n<meta property=\"og:image\" content=\"http:\/\/www.aclu-ia.org\/app\/uploads\/2021\/06\/i_voted.png\" \/>\n\t<meta property=\"og:image:width\" content=\"1200\" \/>\n\t<meta property=\"og:image:height\" content=\"1200\" \/>\n\t<meta property=\"og:image:type\" content=\"image\/png\" \/>\n<meta name=\"twitter:card\" content=\"summary_large_image\" \/>\n<script type=\"application\/ld+json\" class=\"yoast-schema-graph\">{\"@context\":\"https:\/\/schema.org\",\"@graph\":[{\"@type\":\"WebPage\",\"@id\":\"http:\/\/www.aclu-ia.org\/voter-registration-iowa-basics\/\",\"url\":\"http:\/\/www.aclu-ia.org\/voter-registration-iowa-basics\/\",\"name\":\"Inscripci\u00f3n para votar en Iowa - ACLU of Iowa\",\"isPartOf\":{\"@id\":\"https:\/\/www.aclu-ia.org\/#website\"},\"datePublished\":\"2018-06-19T19:30:00+00:00\",\"inLanguage\":\"es-ES\",\"potentialAction\":[{\"@type\":\"ReadAction\",\"target\":[\"http:\/\/www.aclu-ia.org\/voter-registration-iowa-basics\/\"]}]},{\"@type\":\"WebSite\",\"@id\":\"https:\/\/www.aclu-ia.org\/#website\",\"url\":\"https:\/\/www.aclu-ia.org\/\",\"name\":\"ACLU of Iowa\",\"description\":\"An Iowa We Can Believe In\",\"publisher\":{\"@id\":\"https:\/\/www.aclu-ia.org\/#organization\"},\"potentialAction\":[{\"@type\":\"SearchAction\",\"target\":{\"@type\":\"EntryPoint\",\"urlTemplate\":\"https:\/\/www.aclu-ia.org\/?s={search_term_string}\"},\"query-input\":{\"@type\":\"PropertyValueSpecification\",\"valueRequired\":true,\"valueName\":\"search_term_string\"}}],\"inLanguage\":\"es-ES\"},{\"@type\":\"Organization\",\"@id\":\"https:\/\/www.aclu-ia.org\/#organization\",\"name\":\"ACLU of Iowa\",\"url\":\"https:\/\/www.aclu-ia.org\/\",\"logo\":{\"@type\":\"ImageObject\",\"inLanguage\":\"es-ES\",\"@id\":\"https:\/\/www.aclu-ia.org\/#\/schema\/logo\/image\/\",\"url\":\"https:\/\/www.aclu-ia.org\/app\/uploads\/2025\/08\/ACLU_Iowa_Moblie-Web_Color_RGB.png\",\"contentUrl\":\"https:\/\/www.aclu-ia.org\/app\/uploads\/2025\/08\/ACLU_Iowa_Moblie-Web_Color_RGB.png\",\"width\":2084,\"height\":2084,\"caption\":\"ACLU of Iowa\"},\"image\":{\"@id\":\"https:\/\/www.aclu-ia.org\/#\/schema\/logo\/image\/\"}}]}<\/script>\n<!-- \/ Yoast SEO plugin. -->","yoast_head_json":{"title":"Inscripci\u00f3n para votar en Iowa - ACLU of Iowa","robots":{"index":"index","follow":"follow","max-snippet":"max-snippet:-1","max-image-preview":"max-image-preview:large","max-video-preview":"max-video-preview:-1"},"canonical":"http:\/\/www.aclu-ia.org\/voter-registration-iowa-basics\/","og_locale":"es_ES","og_type":"article","og_title":"Inscripci\u00f3n para votar en Iowa - ACLU of Iowa","og_description":"Actualizado en septiembre 2024 CONOZCA SUS DERECHOS COMO VOTANTE","og_url":"https:\/\/www.aclu-ia.org\/es\/inscripcion\/","og_site_name":"ACLU of Iowa","og_image":[{"width":1200,"height":1200,"url":"http:\/\/www.aclu-ia.org\/app\/uploads\/2021\/06\/i_voted.png","type":"image\/png"}],"twitter_card":"summary_large_image","schema":{"@context":"https:\/\/schema.org","@graph":[{"@type":"WebPage","@id":"http:\/\/www.aclu-ia.org\/voter-registration-iowa-basics\/","url":"http:\/\/www.aclu-ia.org\/voter-registration-iowa-basics\/","name":"Inscripci\u00f3n para votar en Iowa - ACLU of Iowa","isPartOf":{"@id":"https:\/\/www.aclu-ia.org\/#website"},"datePublished":"2018-06-19T19:30:00+00:00","inLanguage":"es-ES","potentialAction":[{"@type":"ReadAction","target":["http:\/\/www.aclu-ia.org\/voter-registration-iowa-basics\/"]}]},{"@type":"WebSite","@id":"https:\/\/www.aclu-ia.org\/#website","url":"https:\/\/www.aclu-ia.org\/","name":"ACLU of Iowa","description":"An Iowa We Can Believe In","publisher":{"@id":"https:\/\/www.aclu-ia.org\/#organization"},"potentialAction":[{"@type":"SearchAction","target":{"@type":"EntryPoint","urlTemplate":"https:\/\/www.aclu-ia.org\/?s={search_term_string}"},"query-input":{"@type":"PropertyValueSpecification","valueRequired":true,"valueName":"search_term_string"}}],"inLanguage":"es-ES"},{"@type":"Organization","@id":"https:\/\/www.aclu-ia.org\/#organization","name":"ACLU of Iowa","url":"https:\/\/www.aclu-ia.org\/","logo":{"@type":"ImageObject","inLanguage":"es-ES","@id":"https:\/\/www.aclu-ia.org\/#\/schema\/logo\/image\/","url":"https:\/\/www.aclu-ia.org\/app\/uploads\/2025\/08\/ACLU_Iowa_Moblie-Web_Color_RGB.png","contentUrl":"https:\/\/www.aclu-ia.org\/app\/uploads\/2025\/08\/ACLU_Iowa_Moblie-Web_Color_RGB.png","width":2084,"height":2084,"caption":"ACLU of Iowa"},"image":{"@id":"https:\/\/www.aclu-ia.org\/#\/schema\/logo\/image\/"}}]}},"distributor_meta":false,"distributor_terms":false,"distributor_media":false,"distributor_original_site_name":"ACLU of Iowa","distributor_original_site_url":"https:\/\/www.aclu-ia.org\/es\/","push-errors":false,"_links":{"self":[{"href":"https:\/\/www.aclu-ia.org\/es\/wp-json\/wp\/v2\/pages\/2027","targetHints":{"allow":["GET"]}}],"collection":[{"href":"https:\/\/www.aclu-ia.org\/es\/wp-json\/wp\/v2\/pages"}],"about":[{"href":"https:\/\/www.aclu-ia.org\/es\/wp-json\/wp\/v2\/types\/page"}],"author":[{"embeddable":true,"href":"https:\/\/www.aclu-ia.org\/es\/wp-json\/wp\/v2\/users\/6"}],"replies":[{"embeddable":true,"href":"https:\/\/www.aclu-ia.org\/es\/wp-json\/wp\/v2\/comments?post=2027"}],"version-history":[{"count":0,"href":"https:\/\/www.aclu-ia.org\/es\/wp-json\/wp\/v2\/pages\/2027\/revisions"}],"wp:attachment":[{"href":"https:\/\/www.aclu-ia.org\/es\/wp-json\/wp\/v2\/media?parent=2027"}],"curies":[{"name":"wp","href":"https:\/\/api.w.org\/{rel}","templated":true}]}}