{"id":2021,"date":"2018-06-19T15:15:00","date_gmt":"2018-06-19T19:15:00","guid":{"rendered":"https:\/\/www.aclu-ia.org\/consejos-rapidos-para-los-votantes\/"},"modified":"2018-06-19T15:15:00","modified_gmt":"2018-06-19T19:15:00","slug":"consejos-rapidos-para-los-votantes","status":"publish","type":"page","link":"https:\/\/www.aclu-ia.org\/es\/consejos-rapidos-para-los-votantes\/","title":{"rendered":"Consejos b\u00e1sicos para los votantes"},"content":{"rendered":"<ul>\n<li>Antes de las elecciones, aseg\u00farese de que est\u00e1 inscrito para votar. Puede comprobarlo en l\u00ednea&nbsp;<a href=\"https:\/\/sos.iowa.gov\/elections\/voterreg\/regtovote\/search.aspx\">aqu\u00ed<\/a>.<\/li>\n<li>Si es m\u00e1s conveniente, puede votar antes del d\u00eda de las elecciones con una papeleta de voto ausente. Puede hacerlo en persona o por correo. <a href=\"https:\/\/www.aclu-ia.org\/es\/votacion-anticipada\">M\u00e1s informaci\u00f3n aqu\u00ed.<\/a><\/li>\n<li>Si&nbsp;planea votar en las urnas, ubique su recinto&nbsp;electoral antes del d\u00eda de las elecciones. Consulte los medios de comunicaci\u00f3n locales, llame al auditor de su condado o <a href=\"https:\/\/sos.iowa.gov\/elections\/voterreg\/pollingplace\/search.aspx\">haga clic aqu\u00ed.<\/a><\/li>\n<li>Traiga alg\u00fan documento de identidad, si lo tiene. <a href=\"https:\/\/www.aclu-ia.org\/es\/node\/606\">M\u00e1s informaci\u00f3n aqu\u00ed.<\/a><\/li>\n<li>Recuerde: en la mayor\u00eda de los casos, si no logra votar con una papeleta regular, tiene derecho a votar con una papeleta&nbsp;provisional.<\/li>\n<\/ul>\n<p>Si tiene m\u00e1s preguntas, comun\u00edquese con&nbsp;<a href=\"https:\/\/sos.iowa.gov\/elections\/auditors\/auditorslist.html\">la oficina del auditor de su condado<\/a>&nbsp;o vaya a la&nbsp;<a href=\"https:\/\/sos.iowa.gov\/elections\/voterinformation\/index.html\">p\u00e1gina de Secretario de Estado.<\/a><\/p>\n<p><a class=\"more\" href=\"https:\/\/www.aclu-ia.org\/es\/know-your-rights\/conozca-sus-derechos-como-votante\">CONOZCA SUS DERECHOS COMO VOTANTE<\/a><\/p>\n<p><em>Actualizado en septiembre 2024<\/em><\/p>\n","protected":false},"excerpt":{"rendered":"<p>Antes de las elecciones, aseg\u00farese de que est\u00e1 inscrito para votar. Puede comprobarlo en l\u00ednea&nbsp;aqu\u00ed. Si es m\u00e1s conveniente, puede votar antes del d\u00eda de las elecciones con una papeleta de voto ausente. Puede hacerlo en persona o por correo. M\u00e1s informaci\u00f3n aqu\u00ed. Si&nbsp;planea votar en las urnas, ubique su recinto&nbsp;electoral antes del d\u00eda de [&hellip;]<\/p>\n","protected":false},"author":6,"featured_media":0,"parent":0,"menu_order":0,"comment_status":"closed","ping_status":"closed","template":"","meta":{"_acf_changed":false,"_relevanssi_hide_post":"","_relevanssi_hide_content":"","_relevanssi_pin_for_all":"","_relevanssi_pin_keywords":"","_relevanssi_unpin_keywords":"","_relevanssi_related_keywords":"","_relevanssi_related_include_ids":"","_relevanssi_related_exclude_ids":"","_relevanssi_related_no_append":"","_relevanssi_related_not_related":"","_relevanssi_related_posts":"","_relevanssi_noindex_reason":"","footnotes":""},"class_list":["post-2021","page","type-page","status-publish","hentry"],"acf":{"layout":"default","header-group":{"header-description":"","show-subnav":false,"hide-from-subnav":false},"components":[{"acf_fc_layout":"text","text":{"text":"<ul><li>Antes de las elecciones, aseg\u00farese de que est\u00e1 inscrito para votar. Puede comprobarlo en l\u00ednea <a href=\"https:\/\/sos.iowa.gov\/elections\/voterreg\/regtovote\/search.aspx\">aqu\u00ed<\/a>.<\/li><li>Si es m\u00e1s conveniente, puede votar antes del d\u00eda de las elecciones con una papeleta de voto ausente. Puede hacerlo en persona o por correo. <a href=\"https:\/\/www.aclu-ia.org\/es\/votacion-anticipada\/\">M\u00e1s informaci\u00f3n aqu\u00ed.<\/a><\/li><li>Si planea votar en las urnas, ubique su recinto electoral antes del d\u00eda de las elecciones. Consulte los medios de comunicaci\u00f3n locales, llame al auditor de su condado o <a href=\"https:\/\/sos.iowa.gov\/elections\/voterreg\/pollingplace\/search.aspx\">haga clic aqu\u00ed.<\/a><\/li><li>Traiga alg\u00fan documento de identidad, si lo tiene. <a href=\"https:\/\/www.aclu-ia.org\/es\/node\/606\">M\u00e1s informaci\u00f3n aqu\u00ed.<\/a><\/li><li>Recuerde: en la mayor\u00eda de los casos, si no logra votar con una papeleta regular, tiene derecho a votar con una papeleta provisional.<\/li><\/ul>\n\nSi tiene m\u00e1s preguntas, comun\u00edquese con <a href=\"https:\/\/sos.iowa.gov\/elections\/auditors\/auditorslist.html\">la oficina del auditor de su condado<\/a> o vaya a la <a href=\"https:\/\/sos.iowa.gov\/elections\/voterinformation\/index.html\">p\u00e1gina de Secretario de Estado.<\/a>\n\n<a class=\"more\" href=\"https:\/\/www.aclu-ia.org\/es\/know-your-rights\/conozca-sus-derechos-como-votante\">CONOZCA SUS DERECHOS COMO VOTANTE<\/a>\n\n<em>Actualizado en septiembre 2024<\/em>"}}],"section":null,"issues":null,"related_content":[],"documents":null},"yoast_head":"<!-- This site is optimized with the Yoast SEO plugin v24.9 - https:\/\/yoast.com\/wordpress\/plugins\/seo\/ -->\n<title>Consejos b\u00e1sicos para los votantes - ACLU of Iowa<\/title>\n<meta name=\"robots\" content=\"index, follow, max-snippet:-1, max-image-preview:large, max-video-preview:-1\" \/>\n<link rel=\"canonical\" href=\"http:\/\/www.aclu-ia.org\/quick-tips-voters\/\" \/>\n<meta property=\"og:locale\" content=\"es_ES\" \/>\n<meta property=\"og:type\" content=\"article\" \/>\n<meta property=\"og:title\" content=\"Consejos b\u00e1sicos para los votantes - ACLU of Iowa\" \/>\n<meta property=\"og:description\" content=\"Antes de las elecciones, aseg\u00farese de que est\u00e1 inscrito para votar. Puede comprobarlo en l\u00ednea&nbsp;aqu\u00ed. Si es m\u00e1s conveniente, puede votar antes del d\u00eda de las elecciones con una papeleta de voto ausente. Puede hacerlo en persona o por correo. M\u00e1s informaci\u00f3n aqu\u00ed. Si&nbsp;planea votar en las urnas, ubique su recinto&nbsp;electoral antes del d\u00eda de [&hellip;]\" \/>\n<meta property=\"og:url\" content=\"https:\/\/www.aclu-ia.org\/es\/consejos-rapidos-para-los-votantes\/\" \/>\n<meta property=\"og:site_name\" content=\"ACLU of Iowa\" \/>\n<meta property=\"og:image\" content=\"http:\/\/www.aclu-ia.org\/app\/uploads\/2018\/06\/voting_rights_sign_outside_2.png\" \/>\n\t<meta property=\"og:image:width\" content=\"1160\" \/>\n\t<meta property=\"og:image:height\" content=\"775\" \/>\n\t<meta property=\"og:image:type\" content=\"image\/png\" \/>\n<meta name=\"twitter:card\" content=\"summary_large_image\" \/>\n<script type=\"application\/ld+json\" class=\"yoast-schema-graph\">{\"@context\":\"https:\/\/schema.org\",\"@graph\":[{\"@type\":\"WebPage\",\"@id\":\"http:\/\/www.aclu-ia.org\/quick-tips-voters\/\",\"url\":\"http:\/\/www.aclu-ia.org\/quick-tips-voters\/\",\"name\":\"Consejos b\u00e1sicos para los votantes - ACLU of Iowa\",\"isPartOf\":{\"@id\":\"https:\/\/www.aclu-ia.org\/#website\"},\"datePublished\":\"2018-06-19T19:15:00+00:00\",\"inLanguage\":\"es-ES\",\"potentialAction\":[{\"@type\":\"ReadAction\",\"target\":[\"http:\/\/www.aclu-ia.org\/quick-tips-voters\/\"]}]},{\"@type\":\"WebSite\",\"@id\":\"https:\/\/www.aclu-ia.org\/#website\",\"url\":\"https:\/\/www.aclu-ia.org\/\",\"name\":\"ACLU of Iowa\",\"description\":\"An Iowa We Can Believe In\",\"publisher\":{\"@id\":\"https:\/\/www.aclu-ia.org\/#organization\"},\"potentialAction\":[{\"@type\":\"SearchAction\",\"target\":{\"@type\":\"EntryPoint\",\"urlTemplate\":\"https:\/\/www.aclu-ia.org\/?s={search_term_string}\"},\"query-input\":{\"@type\":\"PropertyValueSpecification\",\"valueRequired\":true,\"valueName\":\"search_term_string\"}}],\"inLanguage\":\"es-ES\"},{\"@type\":\"Organization\",\"@id\":\"https:\/\/www.aclu-ia.org\/#organization\",\"name\":\"ACLU of Iowa\",\"url\":\"https:\/\/www.aclu-ia.org\/\",\"logo\":{\"@type\":\"ImageObject\",\"inLanguage\":\"es-ES\",\"@id\":\"https:\/\/www.aclu-ia.org\/#\/schema\/logo\/image\/\",\"url\":\"https:\/\/www.aclu-ia.org\/app\/uploads\/2025\/08\/ACLU_Iowa_Moblie-Web_Color_RGB.png\",\"contentUrl\":\"https:\/\/www.aclu-ia.org\/app\/uploads\/2025\/08\/ACLU_Iowa_Moblie-Web_Color_RGB.png\",\"width\":2084,\"height\":2084,\"caption\":\"ACLU of Iowa\"},\"image\":{\"@id\":\"https:\/\/www.aclu-ia.org\/#\/schema\/logo\/image\/\"}}]}<\/script>\n<!-- \/ Yoast SEO plugin. -->","yoast_head_json":{"title":"Consejos b\u00e1sicos para los votantes - ACLU of Iowa","robots":{"index":"index","follow":"follow","max-snippet":"max-snippet:-1","max-image-preview":"max-image-preview:large","max-video-preview":"max-video-preview:-1"},"canonical":"http:\/\/www.aclu-ia.org\/quick-tips-voters\/","og_locale":"es_ES","og_type":"article","og_title":"Consejos b\u00e1sicos para los votantes - ACLU of Iowa","og_description":"Antes de las elecciones, aseg\u00farese de que est\u00e1 inscrito para votar. Puede comprobarlo en l\u00ednea&nbsp;aqu\u00ed. Si es m\u00e1s conveniente, puede votar antes del d\u00eda de las elecciones con una papeleta de voto ausente. Puede hacerlo en persona o por correo. M\u00e1s informaci\u00f3n aqu\u00ed. Si&nbsp;planea votar en las urnas, ubique su recinto&nbsp;electoral antes del d\u00eda de [&hellip;]","og_url":"https:\/\/www.aclu-ia.org\/es\/consejos-rapidos-para-los-votantes\/","og_site_name":"ACLU of Iowa","og_image":[{"width":1160,"height":775,"url":"http:\/\/www.aclu-ia.org\/app\/uploads\/2018\/06\/voting_rights_sign_outside_2.png","type":"image\/png"}],"twitter_card":"summary_large_image","schema":{"@context":"https:\/\/schema.org","@graph":[{"@type":"WebPage","@id":"http:\/\/www.aclu-ia.org\/quick-tips-voters\/","url":"http:\/\/www.aclu-ia.org\/quick-tips-voters\/","name":"Consejos b\u00e1sicos para los votantes - ACLU of Iowa","isPartOf":{"@id":"https:\/\/www.aclu-ia.org\/#website"},"datePublished":"2018-06-19T19:15:00+00:00","inLanguage":"es-ES","potentialAction":[{"@type":"ReadAction","target":["http:\/\/www.aclu-ia.org\/quick-tips-voters\/"]}]},{"@type":"WebSite","@id":"https:\/\/www.aclu-ia.org\/#website","url":"https:\/\/www.aclu-ia.org\/","name":"ACLU of Iowa","description":"An Iowa We Can Believe In","publisher":{"@id":"https:\/\/www.aclu-ia.org\/#organization"},"potentialAction":[{"@type":"SearchAction","target":{"@type":"EntryPoint","urlTemplate":"https:\/\/www.aclu-ia.org\/?s={search_term_string}"},"query-input":{"@type":"PropertyValueSpecification","valueRequired":true,"valueName":"search_term_string"}}],"inLanguage":"es-ES"},{"@type":"Organization","@id":"https:\/\/www.aclu-ia.org\/#organization","name":"ACLU of Iowa","url":"https:\/\/www.aclu-ia.org\/","logo":{"@type":"ImageObject","inLanguage":"es-ES","@id":"https:\/\/www.aclu-ia.org\/#\/schema\/logo\/image\/","url":"https:\/\/www.aclu-ia.org\/app\/uploads\/2025\/08\/ACLU_Iowa_Moblie-Web_Color_RGB.png","contentUrl":"https:\/\/www.aclu-ia.org\/app\/uploads\/2025\/08\/ACLU_Iowa_Moblie-Web_Color_RGB.png","width":2084,"height":2084,"caption":"ACLU of Iowa"},"image":{"@id":"https:\/\/www.aclu-ia.org\/#\/schema\/logo\/image\/"}}]}},"distributor_meta":false,"distributor_terms":false,"distributor_media":false,"distributor_original_site_name":"ACLU of Iowa","distributor_original_site_url":"https:\/\/www.aclu-ia.org\/es\/","push-errors":false,"_links":{"self":[{"href":"https:\/\/www.aclu-ia.org\/es\/wp-json\/wp\/v2\/pages\/2021","targetHints":{"allow":["GET"]}}],"collection":[{"href":"https:\/\/www.aclu-ia.org\/es\/wp-json\/wp\/v2\/pages"}],"about":[{"href":"https:\/\/www.aclu-ia.org\/es\/wp-json\/wp\/v2\/types\/page"}],"author":[{"embeddable":true,"href":"https:\/\/www.aclu-ia.org\/es\/wp-json\/wp\/v2\/users\/6"}],"replies":[{"embeddable":true,"href":"https:\/\/www.aclu-ia.org\/es\/wp-json\/wp\/v2\/comments?post=2021"}],"version-history":[{"count":0,"href":"https:\/\/www.aclu-ia.org\/es\/wp-json\/wp\/v2\/pages\/2021\/revisions"}],"wp:attachment":[{"href":"https:\/\/www.aclu-ia.org\/es\/wp-json\/wp\/v2\/media?parent=2021"}],"curies":[{"name":"wp","href":"https:\/\/api.w.org\/{rel}","templated":true}]}}