{"id":1814,"date":"2011-12-17T00:45:00","date_gmt":"2011-12-17T05:45:00","guid":{"rendered":"https:\/\/www.aclu-ia.org\/preguntas-legales-mas-comunes\/"},"modified":"2011-12-17T00:45:00","modified_gmt":"2011-12-17T05:45:00","slug":"preguntas-legales-mas-comunes","status":"publish","type":"page","link":"https:\/\/www.aclu-ia.org\/es\/preguntas-legales-mas-comunes\/","title":{"rendered":"Preguntas Legales M\u00e1s Comunes"},"content":{"rendered":"<h3>\u00bfDe qu\u00e9 tipo de casos se ocupa la ACLU?<\/h3>\n<p>Nuestro programa legal se centra en nuestra misi\u00f3n esencial: la defensa de los derechos y libertades constitucionales. No es usual que aceptemos casos que involucran un gran n\u00famero de disputas factuales. La mayor\u00eda de los casos que aceptamos est\u00e1n relacionados de alg\u00fan modo con el gobierno, porque las querellas privadas no suelen involucrar derechos constitucionales b\u00e1sicos. Si su queja es solo contra un grupo o individuo privado, como su empleador, usted quiz\u00e1s no tiene una queja sobre libertades civiles y debe buscar inmediatamente fuentes alternativas de asistencia. Muchas demandas s\u00f3lo pueden presentarse dentro de un cierto plazo. Si no consulta con un abogado lo antes posible, puede perder su derecho para interponer la demanda.<\/p>\n<p><strong>Casos que normalmente aceptamos:<\/strong><\/p>\n<ul>\n<li>Libertad de discurso expresi\u00f3n y prensa<\/li>\n<li>Censura por el gobierno o bajo la autoridad del gobierno<\/li>\n<li>Libertad de religi\u00f3n o imposici\u00f3n de religi\u00f3n por el gobierno<\/li>\n<li>B\u00fasquedas que involucren una cuesti\u00f3n legal o que tengan un impacto amplio<\/li>\n<li>Privacidad y autonom\u00eda personal<\/li>\n<li>Libertad en las decisiones sobre reproducci\u00f3n<\/li>\n<li>Violaciones sistem\u00e1ticas de los debidos procedimientos legales<\/li>\n<li>Derechos del acusado<\/li>\n<li>Derechos del detenido y del convicto<\/li>\n<li>Igualdad ante la ley<\/li>\n<li>Derechos garantizados por la Constituci\u00f3n de Iowa<\/li>\n<li>Determinados actos de abuso o mala conducta por parte del gobierno<\/li>\n<li>Cumplimiento de los derechos democr\u00e1ticos<\/li>\n<li>Discriminaci\u00f3n por orientaci\u00f3n sexual o demandas sobre nuevos problemas legales que impactan los derechos esenciales de libertad e igualdad<\/li>\n<li>Derecho de acceso a los registros p\u00fablicos<\/li>\n<li>Derechos del estudiante y de los padres<\/li>\n<li>Derecho a no estar bajo vigilancia y a protegerse de la vigilancia<\/li>\n<li>Libertad de movimiento<\/li>\n<li>Acceso a debates p\u00fablicos<\/li>\n<li>Derecho de acceso a la justicia y a soluciones efectivas<\/li>\n<li>Derecho a disfrutar de su propiedad y a defenderla<\/li>\n<li>Protecci\u00f3n de los derechos individuales dictados por jurisprudencia<\/li>\n<li>Asuntos sobre federalismo y sobre la preservaci\u00f3n de los controles y contrapesos<\/li>\n<li>Referencias de abogados<\/li>\n<\/ul>\n<p><strong>Casos que es poco probable que aceptemos:<\/strong><\/p>\n<ul>\n<li>Disputas de empleo<\/li>\n<li>Demandas rutinarias de discriminaci\u00f3n (es decir, aquellas que ya est\u00e1n contempladas por la ley)<\/li>\n<li>Acoso general por parte de las fuerzas del orden y otras agencias<\/li>\n<li>Supuestas conspiraciones<\/li>\n<li>Disputas dom\u00e9sticas<\/li>\n<li>Custodia infantil, pensi\u00f3n alimenticia, abusos a menores, o casos de delincuencia<\/li>\n<li>Defensa criminal<\/li>\n<li>Casos rutinarios de inmigraci\u00f3n<\/li>\n<li>Disputas entre individuos o entidades privadas.<\/li>\n<li>Problemas&nbsp;exigibles de prisi\u00f3n<\/li>\n<li>El fracaso de una agencia a seguir sus propias reglas<\/li>\n<li>Decisiones est\u00fapidas por parte de cargos electos y bur\u00f3cratas<\/li>\n<li>Disputas entre propietarios y arrendatarios<\/li>\n<li>Disputas sobre asistencia p\u00fablica<\/li>\n<li>Asuntos medioambientales<\/li>\n<li>Investigaciones criminales que involucren \u00fanicamente una disputa sobre hechos<\/li>\n<li>Casos originados fuera del estado de Iowa<\/li>\n<\/ul>\n<p>Como puede verse, se prefieren casos con un problema bien definido de libertades civiles.<\/p>\n<h3>\u00bfC\u00f3mo puedo conseguir asistencia legal?<\/h3>\n<p>El Programa Legal de la Fundaci\u00f3n ACLU de Iowa s\u00f3lo puede ofrecer ayuda legal a sus clientes oficiales. A menos que haya firmado un contrato de prestaci\u00f3n de servicios con nosotros, tendr\u00e1 que buscar un abogado propio y a su cargo.<\/p>\n<h3>\u00bfPueden decirme si tengo un caso viable?<\/h3>\n<p>Cuando examinamos un caso, no nos fijamos s\u00f3lo en el m\u00e9rito legal, sino en otros aspectos que indiquen que vale la pena invertir nuestros escasos recursos en dicho caso. No aceptamos casos que sean disputas factuales, que tengan pocas repercusiones en los derechos ajenos, o que no involucren asuntos de libertades civiles. El hecho de que rechacemos un caso no quiere decir que no tenga m\u00e9rito legal. Eso lo debe determinar un abogado.<\/p>\n<h3>\u00bfQui\u00e9n examina las peticiones de asistencia jur\u00eddica?<\/h3>\n<p>A menudo los que primero examinan las peticiones son voluntarios o personal profano que trabajan bajo la direcci\u00f3n de uno de nuestros abogados. Su respuesta, en caso de haberla, no debe ser interpretada como una opini\u00f3n legal.<\/p>\n<h3>\u00bfSon privadas mis comunicaciones con el programa legal de la ACLU?<\/h3>\n<p>S\u00ed. Cualquier petici\u00f3n de asistencia jur\u00eddica se considera un intento de comunicaci\u00f3n con uno de nuestros abogados con el objetivo de obtener asistencia jur\u00eddica. Por ello, toda la informaci\u00f3n que nos proporcione est\u00e1 protegida por el privilegio entre abogado y cliente y la obligaci\u00f3n de confidencialidad.<\/p>\n<h3>\u00bfPor qu\u00e9 no he recibido respuesta de la ACLU sobre mi petici\u00f3n?<\/h3>\n<p>Desafortunadamente, no contamos con el personal o voluntarios necesarios para contestar todos los correos electr\u00f3nicos, llamadas de tel\u00e9fono, y cartas que recibimos. Si usted ha intentado ponerse en contacto con nosotros, lo m\u00e1s probable es que hayamos le\u00eddo su correo o carta o que hayamos o\u00eddo su mensaje telef\u00f3nico. Sin embargo, seguramente no le contestaremos a menos que haya una raz\u00f3n espec\u00edfica para ello.<\/p>\n<h3>\u00bfQu\u00e9 es \u201cpatrocinar\u201d un caso?<\/h3>\n<p>Cuando aceptamos un caso, en general nuestro papel es de patrocinadores del litigio. Esto quiere decir que la ACLU de Iowa busca un abogado voluntario para que se haga cargo del caso y le paga los costes ordinarios de un litigio.<\/p>\n<h3>\u00bfSe usan impuestos p\u00fablicos para financiar el Programa Legal de la Fundaci\u00f3n de la ACLU de Iowa?<\/h3>\n<p>No. Nuestra financiaci\u00f3n proviene de donaciones privadas.<\/p>\n<h3>\u00bfQu\u00e9 debo hacer para convertirme en un cliente de la ACLU de Iowa?<\/h3>\n<p>Si el director legal de la ACLU de Iowa considera que su caso es de inter\u00e9s, lo remitir\u00e1 al Comit\u00e9 Legal de la ACLU de Iowa. Si el Comit\u00e9 Legal aprueba el caso, el Director Legal le proporcionar\u00e1 un contrato de prestaci\u00f3n de servicios. Una vez este contrato ha sido firmado tanto por usted como por el Director Legal, se le considera un cliente de nuestro programa legal.<\/p>\n<h3>\u00bfLos clientes de la ACLU de Iowa tienen que pagar matr\u00edculas?<\/h3>\n<p>No. Nuestros servicios son gratuitos.<\/p>\n","protected":false},"excerpt":{"rendered":"<p>\u00bfDe qu\u00e9 tipo de casos se ocupa la ACLU? Nuestro programa legal se centra en nuestra misi\u00f3n esencial: la defensa de los derechos y libertades constitucionales. No es usual que aceptemos casos que involucran un gran n\u00famero de disputas factuales. La mayor\u00eda de los casos que aceptamos est\u00e1n relacionados de alg\u00fan modo con el gobierno, [&hellip;]<\/p>\n","protected":false},"author":6,"featured_media":0,"parent":0,"menu_order":0,"comment_status":"closed","ping_status":"closed","template":"","meta":{"_acf_changed":false,"_relevanssi_hide_post":"","_relevanssi_hide_content":"","_relevanssi_pin_for_all":"","_relevanssi_pin_keywords":"","_relevanssi_unpin_keywords":"","_relevanssi_related_keywords":"","_relevanssi_related_include_ids":"","_relevanssi_related_exclude_ids":"","_relevanssi_related_no_append":"","_relevanssi_related_not_related":"","_relevanssi_related_posts":"","_relevanssi_noindex_reason":"","footnotes":""},"class_list":["post-1814","page","type-page","status-publish","hentry"],"acf":{"layout":"default","header-group":{"header-description":"","show-subnav":false,"hide-from-subnav":false},"components":[{"acf_fc_layout":"heading","heading":{"":null,"text":"\u00bfDe qu\u00e9 tipo de casos se ocupa la ACLU?","anchor":"","sub-heading":"","type":"h3","heading-style":"standard"}},{"acf_fc_layout":"text","text":{"text":"Nuestro programa legal se centra en nuestra misi\u00f3n esencial: la defensa de los derechos y libertades constitucionales. No es usual que aceptemos casos que involucran un gran n\u00famero de disputas factuales. La mayor\u00eda de los casos que aceptamos est\u00e1n relacionados de alg\u00fan modo con el gobierno, porque las querellas privadas no suelen involucrar derechos constitucionales b\u00e1sicos. Si su queja es solo contra un grupo o individuo privado, como su empleador, usted quiz\u00e1s no tiene una queja sobre libertades civiles y debe buscar inmediatamente fuentes alternativas de asistencia. Muchas demandas s\u00f3lo pueden presentarse dentro de un cierto plazo. Si no consulta con un abogado lo antes posible, puede perder su derecho para interponer la demanda.\n\n<strong>Casos que normalmente aceptamos:<\/strong>\n\n<ul><li>Libertad de discurso expresi\u00f3n y prensa<\/li><li>Censura por el gobierno o bajo la autoridad del gobierno<\/li><li>Libertad de religi\u00f3n o imposici\u00f3n de religi\u00f3n por el gobierno<\/li><li>B\u00fasquedas que involucren una cuesti\u00f3n legal o que tengan un impacto amplio<\/li><li>Privacidad y autonom\u00eda personal<\/li><li>Libertad en las decisiones sobre reproducci\u00f3n<\/li><li>Violaciones sistem\u00e1ticas de los debidos procedimientos legales<\/li><li>Derechos del acusado<\/li><li>Derechos del detenido y del convicto<\/li><li>Igualdad ante la ley<\/li><li>Derechos garantizados por la Constituci\u00f3n de Iowa<\/li><li>Determinados actos de abuso o mala conducta por parte del gobierno<\/li><li>Cumplimiento de los derechos democr\u00e1ticos<\/li><li>Discriminaci\u00f3n por orientaci\u00f3n sexual o demandas sobre nuevos problemas legales que impactan los derechos esenciales de libertad e igualdad<\/li><li>Derecho de acceso a los registros p\u00fablicos<\/li><li>Derechos del estudiante y de los padres<\/li><li>Derecho a no estar bajo vigilancia y a protegerse de la vigilancia<\/li><li>Libertad de movimiento<\/li><li>Acceso a debates p\u00fablicos<\/li><li>Derecho de acceso a la justicia y a soluciones efectivas<\/li><li>Derecho a disfrutar de su propiedad y a defenderla<\/li><li>Protecci\u00f3n de los derechos individuales dictados por jurisprudencia<\/li><li>Asuntos sobre federalismo y sobre la preservaci\u00f3n de los controles y contrapesos<\/li><li>Referencias de abogados<\/li><\/ul>\n\n<strong>Casos que es poco probable que aceptemos:<\/strong>\n\n<ul><li>Disputas de empleo<\/li><li>Demandas rutinarias de discriminaci\u00f3n (es decir, aquellas que ya est\u00e1n contempladas por la ley)<\/li><li>Acoso general por parte de las fuerzas del orden y otras agencias<\/li><li>Supuestas conspiraciones<\/li><li>Disputas dom\u00e9sticas<\/li><li>Custodia infantil, pensi\u00f3n alimenticia, abusos a menores, o casos de delincuencia<\/li><li>Defensa criminal<\/li><li>Casos rutinarios de inmigraci\u00f3n<\/li><li>Disputas entre individuos o entidades privadas.<\/li><li>Problemas exigibles de prisi\u00f3n<\/li><li>El fracaso de una agencia a seguir sus propias reglas<\/li><li>Decisiones est\u00fapidas por parte de cargos electos y bur\u00f3cratas<\/li><li>Disputas entre propietarios y arrendatarios<\/li><li>Disputas sobre asistencia p\u00fablica<\/li><li>Asuntos medioambientales<\/li><li>Investigaciones criminales que involucren \u00fanicamente una disputa sobre hechos<\/li><li>Casos originados fuera del estado de Iowa<\/li><\/ul>\n\nComo puede verse, se prefieren casos con un problema bien definido de libertades civiles."}},{"acf_fc_layout":"heading","heading":{"":null,"text":"\u00bfC\u00f3mo puedo conseguir asistencia legal?","anchor":"","sub-heading":"","type":"h3","heading-style":"standard"}},{"acf_fc_layout":"text","text":{"text":"El Programa Legal de la Fundaci\u00f3n ACLU de Iowa s\u00f3lo puede ofrecer ayuda legal a sus clientes oficiales. A menos que haya firmado un contrato de prestaci\u00f3n de servicios con nosotros, tendr\u00e1 que buscar un abogado propio y a su cargo."}},{"acf_fc_layout":"heading","heading":{"":null,"text":"\u00bfPueden decirme si tengo un caso viable?","anchor":"","sub-heading":"","type":"h3","heading-style":"standard"}},{"acf_fc_layout":"text","text":{"text":"Cuando examinamos un caso, no nos fijamos s\u00f3lo en el m\u00e9rito legal, sino en otros aspectos que indiquen que vale la pena invertir nuestros escasos recursos en dicho caso. No aceptamos casos que sean disputas factuales, que tengan pocas repercusiones en los derechos ajenos, o que no involucren asuntos de libertades civiles. El hecho de que rechacemos un caso no quiere decir que no tenga m\u00e9rito legal. Eso lo debe determinar un abogado."}},{"acf_fc_layout":"heading","heading":{"":null,"text":"\u00bfQui\u00e9n examina las peticiones de asistencia jur\u00eddica?","anchor":"","sub-heading":"","type":"h3","heading-style":"standard"}},{"acf_fc_layout":"text","text":{"text":"A menudo los que primero examinan las peticiones son voluntarios o personal profano que trabajan bajo la direcci\u00f3n de uno de nuestros abogados. Su respuesta, en caso de haberla, no debe ser interpretada como una opini\u00f3n legal."}},{"acf_fc_layout":"heading","heading":{"":null,"text":"\u00bfSon privadas mis comunicaciones con el programa legal de la ACLU?","anchor":"","sub-heading":"","type":"h3","heading-style":"standard"}},{"acf_fc_layout":"text","text":{"text":"S\u00ed. Cualquier petici\u00f3n de asistencia jur\u00eddica se considera un intento de comunicaci\u00f3n con uno de nuestros abogados con el objetivo de obtener asistencia jur\u00eddica. Por ello, toda la informaci\u00f3n que nos proporcione est\u00e1 protegida por el privilegio entre abogado y cliente y la obligaci\u00f3n de confidencialidad."}},{"acf_fc_layout":"heading","heading":{"":null,"text":"\u00bfPor qu\u00e9 no he recibido respuesta de la ACLU sobre mi petici\u00f3n?","anchor":"","sub-heading":"","type":"h3","heading-style":"standard"}},{"acf_fc_layout":"text","text":{"text":"Desafortunadamente, no contamos con el personal o voluntarios necesarios para contestar todos los correos electr\u00f3nicos, llamadas de tel\u00e9fono, y cartas que recibimos. Si usted ha intentado ponerse en contacto con nosotros, lo m\u00e1s probable es que hayamos le\u00eddo su correo o carta o que hayamos o\u00eddo su mensaje telef\u00f3nico. Sin embargo, seguramente no le contestaremos a menos que haya una raz\u00f3n espec\u00edfica para ello."}},{"acf_fc_layout":"heading","heading":{"":null,"text":"\u00bfQu\u00e9 es \u201cpatrocinar\u201d un caso?","anchor":"","sub-heading":"","type":"h3","heading-style":"standard"}},{"acf_fc_layout":"text","text":{"text":"Cuando aceptamos un caso, en general nuestro papel es de patrocinadores del litigio. Esto quiere decir que la ACLU de Iowa busca un abogado voluntario para que se haga cargo del caso y le paga los costes ordinarios de un litigio."}},{"acf_fc_layout":"heading","heading":{"":null,"text":"\u00bfSe usan impuestos p\u00fablicos para financiar el Programa Legal de la Fundaci\u00f3n de la ACLU de Iowa?","anchor":"","sub-heading":"","type":"h3","heading-style":"standard"}},{"acf_fc_layout":"text","text":{"text":"No. Nuestra financiaci\u00f3n proviene de donaciones privadas."}},{"acf_fc_layout":"heading","heading":{"":null,"text":"\u00bfQu\u00e9 debo hacer para convertirme en un cliente de la ACLU de Iowa?","anchor":"","sub-heading":"","type":"h3","heading-style":"standard"}},{"acf_fc_layout":"text","text":{"text":"Si el director legal de la ACLU de Iowa considera que su caso es de inter\u00e9s, lo remitir\u00e1 al Comit\u00e9 Legal de la ACLU de Iowa. Si el Comit\u00e9 Legal aprueba el caso, el Director Legal le proporcionar\u00e1 un contrato de prestaci\u00f3n de servicios. Una vez este contrato ha sido firmado tanto por usted como por el Director Legal, se le considera un cliente de nuestro programa legal."}},{"acf_fc_layout":"heading","heading":{"":null,"text":"\u00bfLos clientes de la ACLU de Iowa tienen que pagar matr\u00edculas?","anchor":"","sub-heading":"","type":"h3","heading-style":"standard"}},{"acf_fc_layout":"text","text":{"text":"No. Nuestros servicios son gratuitos."}}],"section":null,"issues":null,"related_content":[],"documents":null},"yoast_head":"<!-- This site is optimized with the Yoast SEO plugin v24.9 - https:\/\/yoast.com\/wordpress\/plugins\/seo\/ -->\n<title>Preguntas Legales M\u00e1s Comunes - ACLU of Iowa<\/title>\n<meta name=\"robots\" content=\"index, follow, max-snippet:-1, max-image-preview:large, max-video-preview:-1\" \/>\n<link rel=\"canonical\" href=\"http:\/\/www.aclu-ia.org\/frequently-asked-legal-questions\/\" \/>\n<meta property=\"og:locale\" content=\"es_ES\" \/>\n<meta property=\"og:type\" content=\"article\" \/>\n<meta property=\"og:title\" content=\"Preguntas Legales M\u00e1s Comunes - ACLU of Iowa\" \/>\n<meta property=\"og:description\" content=\"\u00bfDe qu\u00e9 tipo de casos se ocupa la ACLU? Nuestro programa legal se centra en nuestra misi\u00f3n esencial: la defensa de los derechos y libertades constitucionales. No es usual que aceptemos casos que involucran un gran n\u00famero de disputas factuales. La mayor\u00eda de los casos que aceptamos est\u00e1n relacionados de alg\u00fan modo con el gobierno, [&hellip;]\" \/>\n<meta property=\"og:url\" content=\"https:\/\/www.aclu-ia.org\/es\/preguntas-legales-mas-comunes\/\" \/>\n<meta property=\"og:site_name\" content=\"ACLU of Iowa\" \/>\n<meta property=\"og:image\" content=\"https:\/\/www.aclu-ia.org\/app\/themes\/aclu-parent\/img\/default_fb_share.jpg\" \/>\n<meta name=\"twitter:card\" content=\"summary_large_image\" \/>\n<script type=\"application\/ld+json\" class=\"yoast-schema-graph\">{\"@context\":\"https:\/\/schema.org\",\"@graph\":[{\"@type\":\"WebPage\",\"@id\":\"http:\/\/www.aclu-ia.org\/frequently-asked-legal-questions\/\",\"url\":\"http:\/\/www.aclu-ia.org\/frequently-asked-legal-questions\/\",\"name\":\"Preguntas Legales M\u00e1s Comunes - ACLU of Iowa\",\"isPartOf\":{\"@id\":\"https:\/\/www.aclu-ia.org\/#website\"},\"datePublished\":\"2011-12-17T05:45:00+00:00\",\"inLanguage\":\"es-ES\",\"potentialAction\":[{\"@type\":\"ReadAction\",\"target\":[\"http:\/\/www.aclu-ia.org\/frequently-asked-legal-questions\/\"]}]},{\"@type\":\"WebSite\",\"@id\":\"https:\/\/www.aclu-ia.org\/#website\",\"url\":\"https:\/\/www.aclu-ia.org\/\",\"name\":\"ACLU of Iowa\",\"description\":\"An Iowa We Can Believe In\",\"publisher\":{\"@id\":\"https:\/\/www.aclu-ia.org\/#organization\"},\"potentialAction\":[{\"@type\":\"SearchAction\",\"target\":{\"@type\":\"EntryPoint\",\"urlTemplate\":\"https:\/\/www.aclu-ia.org\/?s={search_term_string}\"},\"query-input\":{\"@type\":\"PropertyValueSpecification\",\"valueRequired\":true,\"valueName\":\"search_term_string\"}}],\"inLanguage\":\"es-ES\"},{\"@type\":\"Organization\",\"@id\":\"https:\/\/www.aclu-ia.org\/#organization\",\"name\":\"ACLU of Iowa\",\"url\":\"https:\/\/www.aclu-ia.org\/\",\"logo\":{\"@type\":\"ImageObject\",\"inLanguage\":\"es-ES\",\"@id\":\"https:\/\/www.aclu-ia.org\/#\/schema\/logo\/image\/\",\"url\":\"https:\/\/www.aclu-ia.org\/app\/uploads\/2025\/08\/ACLU_Iowa_Moblie-Web_Color_RGB.png\",\"contentUrl\":\"https:\/\/www.aclu-ia.org\/app\/uploads\/2025\/08\/ACLU_Iowa_Moblie-Web_Color_RGB.png\",\"width\":2084,\"height\":2084,\"caption\":\"ACLU of Iowa\"},\"image\":{\"@id\":\"https:\/\/www.aclu-ia.org\/#\/schema\/logo\/image\/\"}}]}<\/script>\n<!-- \/ Yoast SEO plugin. -->","yoast_head_json":{"title":"Preguntas Legales M\u00e1s Comunes - ACLU of Iowa","robots":{"index":"index","follow":"follow","max-snippet":"max-snippet:-1","max-image-preview":"max-image-preview:large","max-video-preview":"max-video-preview:-1"},"canonical":"http:\/\/www.aclu-ia.org\/frequently-asked-legal-questions\/","og_locale":"es_ES","og_type":"article","og_title":"Preguntas Legales M\u00e1s Comunes - ACLU of Iowa","og_description":"\u00bfDe qu\u00e9 tipo de casos se ocupa la ACLU? Nuestro programa legal se centra en nuestra misi\u00f3n esencial: la defensa de los derechos y libertades constitucionales. No es usual que aceptemos casos que involucran un gran n\u00famero de disputas factuales. La mayor\u00eda de los casos que aceptamos est\u00e1n relacionados de alg\u00fan modo con el gobierno, [&hellip;]","og_url":"https:\/\/www.aclu-ia.org\/es\/preguntas-legales-mas-comunes\/","og_site_name":"ACLU of Iowa","og_image":[{"url":"https:\/\/www.aclu-ia.org\/app\/themes\/aclu-parent\/img\/default_fb_share.jpg","type":"","width":"","height":""}],"twitter_card":"summary_large_image","schema":{"@context":"https:\/\/schema.org","@graph":[{"@type":"WebPage","@id":"http:\/\/www.aclu-ia.org\/frequently-asked-legal-questions\/","url":"http:\/\/www.aclu-ia.org\/frequently-asked-legal-questions\/","name":"Preguntas Legales M\u00e1s Comunes - ACLU of Iowa","isPartOf":{"@id":"https:\/\/www.aclu-ia.org\/#website"},"datePublished":"2011-12-17T05:45:00+00:00","inLanguage":"es-ES","potentialAction":[{"@type":"ReadAction","target":["http:\/\/www.aclu-ia.org\/frequently-asked-legal-questions\/"]}]},{"@type":"WebSite","@id":"https:\/\/www.aclu-ia.org\/#website","url":"https:\/\/www.aclu-ia.org\/","name":"ACLU of Iowa","description":"An Iowa We Can Believe In","publisher":{"@id":"https:\/\/www.aclu-ia.org\/#organization"},"potentialAction":[{"@type":"SearchAction","target":{"@type":"EntryPoint","urlTemplate":"https:\/\/www.aclu-ia.org\/?s={search_term_string}"},"query-input":{"@type":"PropertyValueSpecification","valueRequired":true,"valueName":"search_term_string"}}],"inLanguage":"es-ES"},{"@type":"Organization","@id":"https:\/\/www.aclu-ia.org\/#organization","name":"ACLU of Iowa","url":"https:\/\/www.aclu-ia.org\/","logo":{"@type":"ImageObject","inLanguage":"es-ES","@id":"https:\/\/www.aclu-ia.org\/#\/schema\/logo\/image\/","url":"https:\/\/www.aclu-ia.org\/app\/uploads\/2025\/08\/ACLU_Iowa_Moblie-Web_Color_RGB.png","contentUrl":"https:\/\/www.aclu-ia.org\/app\/uploads\/2025\/08\/ACLU_Iowa_Moblie-Web_Color_RGB.png","width":2084,"height":2084,"caption":"ACLU of Iowa"},"image":{"@id":"https:\/\/www.aclu-ia.org\/#\/schema\/logo\/image\/"}}]}},"distributor_meta":false,"distributor_terms":false,"distributor_media":false,"distributor_original_site_name":"ACLU of Iowa","distributor_original_site_url":"https:\/\/www.aclu-ia.org\/es\/","push-errors":false,"_links":{"self":[{"href":"https:\/\/www.aclu-ia.org\/es\/wp-json\/wp\/v2\/pages\/1814","targetHints":{"allow":["GET"]}}],"collection":[{"href":"https:\/\/www.aclu-ia.org\/es\/wp-json\/wp\/v2\/pages"}],"about":[{"href":"https:\/\/www.aclu-ia.org\/es\/wp-json\/wp\/v2\/types\/page"}],"author":[{"embeddable":true,"href":"https:\/\/www.aclu-ia.org\/es\/wp-json\/wp\/v2\/users\/6"}],"replies":[{"embeddable":true,"href":"https:\/\/www.aclu-ia.org\/es\/wp-json\/wp\/v2\/comments?post=1814"}],"version-history":[{"count":0,"href":"https:\/\/www.aclu-ia.org\/es\/wp-json\/wp\/v2\/pages\/1814\/revisions"}],"wp:attachment":[{"href":"https:\/\/www.aclu-ia.org\/es\/wp-json\/wp\/v2\/media?parent=1814"}],"curies":[{"name":"wp","href":"https:\/\/api.w.org\/{rel}","templated":true}]}}