{"id":1756,"date":"2014-10-02T00:00:00","date_gmt":"2014-10-02T04:00:00","guid":{"rendered":"https:\/\/www.aclu-ia.org\/sobre-la-aclu-de-iowa\/"},"modified":"2014-10-02T00:00:00","modified_gmt":"2014-10-02T04:00:00","slug":"sobre-la-aclu-de-iowa","status":"publish","type":"page","link":"https:\/\/www.aclu-ia.org\/es\/sobre-la-aclu-de-iowa\/","title":{"rendered":"Sobre la ACLU de Iowa"},"content":{"rendered":"<h3>Desde su comienzo en 1935, la Uni\u00f3n Americana de Libertades Civiles (ACLU) de Iowa ha protegido las libertades b\u00e1sicas de todos en nuestro estado.<\/h3>\n<p>Somos una organizaci\u00f3n privada, sin afiliaci\u00f3n pol\u00edtica y sin fines de lucro, que lucha para avanzar libertades civiles y defender la constituci\u00f3nes de Iowa y los Estados Unidos. Somos el afiliado estatal de la Uni\u00f3n Americana de Libertades Civiles, una organizaci\u00f3n nacional. ACLU se enorgullece en defender las libertades civiles de todos, sin importar quienes son o lo que creen.<\/p>\n<p>Trabajamos en la cortes, en la legislatura de Iowa, y a trav\u00e9s de educaci\u00f3n y defensa p\u00fablica para asegurar los derechos de todos en Iowa\u2014desde ateos a cristianos devotos, desde miembros de sindicatos a la gente de negocios, y m\u00e1s \u2014 para asegurarlos que los derechos constitucionales de todos est\u00e1n preservados.<\/p>\n<p>Estos son temas claves en los que trabajamos:<\/p>\n<ul>\n<li>Libertad de discurso expresi\u00f3n y prensa<\/li>\n<li>Justicia racial<\/li>\n<li>Derechos LGTBI<\/li>\n<li>Derechos estudiantiles<\/li>\n<li>Privacidad y seguridad personal<\/li>\n<li>Registros y gobiernos abiertos<\/li>\n<li>Libertad reproductiva<\/li>\n<li>Libertad de religi\u00f3n y separaci\u00f3n de iglesia y estado<\/li>\n<li>Derechos de inmigrantes<\/li>\n<li>Derechos de la mujer<\/li>\n<li>Reforma de justicia criminal<\/li>\n<li>Derechos para votar<\/li>\n<li>Derechos de personas con discapacidades<\/li>\n<\/ul>\n<h4><a class=\"more\" href=\"https:\/\/www.aclu-ia.org\/our-history\/\"><strong>Descubra m\u00e1s sobre la historia de la ACLU de Iowa.<\/strong><\/a><\/h4>\n","protected":false},"excerpt":{"rendered":"<p>Desde su comienzo en 1935, la Uni\u00f3n Americana de Libertades Civiles (ACLU) de Iowa ha protegido las libertades b\u00e1sicas de todos en nuestro estado. Somos una organizaci\u00f3n privada, sin afiliaci\u00f3n pol\u00edtica y sin fines de lucro, que lucha para avanzar libertades civiles y defender la constituci\u00f3nes de Iowa y los Estados Unidos. Somos el afiliado [&hellip;]<\/p>\n","protected":false},"author":0,"featured_media":0,"parent":0,"menu_order":0,"comment_status":"closed","ping_status":"closed","template":"","meta":{"_acf_changed":false,"_relevanssi_hide_post":"","_relevanssi_hide_content":"","_relevanssi_pin_for_all":"","_relevanssi_pin_keywords":"","_relevanssi_unpin_keywords":"","_relevanssi_related_keywords":"","_relevanssi_related_include_ids":"","_relevanssi_related_exclude_ids":"","_relevanssi_related_no_append":"","_relevanssi_related_not_related":"","_relevanssi_related_posts":"","_relevanssi_noindex_reason":"","footnotes":""},"class_list":["post-1756","page","type-page","status-publish","hentry"],"acf":{"layout":"default","header-group":{"header-description":"","show-subnav":false,"hide-from-subnav":false},"components":[{"acf_fc_layout":"heading","heading":{"":null,"text":"Desde su comienzo en 1935, la Uni\u00f3n Americana de Libertades Civiles (ACLU) de Iowa ha protegido las libertades b\u00e1sicas de todos en nuestro estado.","anchor":"","sub-heading":"","type":"h3","heading-style":"standard"}},{"acf_fc_layout":"text","text":{"text":"Somos una organizaci\u00f3n privada, sin afiliaci\u00f3n pol\u00edtica y sin fines de lucro, que lucha para avanzar libertades civiles y defender la constituci\u00f3nes de Iowa y los Estados Unidos. Somos el afiliado estatal de la Uni\u00f3n Americana de Libertades Civiles, una organizaci\u00f3n nacional. ACLU se enorgullece en defender las libertades civiles de todos, sin importar quienes son o lo que creen.\n\nTrabajamos en la cortes, en la legislatura de Iowa, y a trav\u00e9s de educaci\u00f3n y defensa p\u00fablica para asegurar los derechos de todos en Iowa\u2014desde ateos a cristianos devotos, desde miembros de sindicatos a la gente de negocios, y m\u00e1s \u2014 para asegurarlos que los derechos constitucionales de todos est\u00e1n preservados.\n\nEstos son temas claves en los que trabajamos:\n\n<ul><li>Libertad de discurso expresi\u00f3n y prensa<\/li><li>Justicia racial<\/li><li>Derechos LGTBI<\/li><li>Derechos estudiantiles<\/li><li>Privacidad y seguridad personal<\/li><li>Registros y gobiernos abiertos<\/li><li>Libertad reproductiva<\/li><li>Libertad de religi\u00f3n y separaci\u00f3n de iglesia y estado<\/li><li>Derechos de inmigrantes<\/li><li>Derechos de la mujer<\/li><li>Reforma de justicia criminal<\/li><li>Derechos para votar<\/li><li>Derechos de personas con discapacidades<\/li><\/ul>"}},{"acf_fc_layout":"heading","heading":{"":null,"text":"Descubra m\u00e1s sobre la historia de la ACLU de Iowa.","anchor":"","sub-heading":"<a href=\"https:\/\/www.aclu-ia.org\/our-history\/\">View<\/a>","type":"h4","heading-style":"standard"}}],"section":null,"issues":null,"related_content":[],"documents":null},"yoast_head":"<!-- This site is optimized with the Yoast SEO plugin v24.9 - https:\/\/yoast.com\/wordpress\/plugins\/seo\/ -->\n<title>Sobre la ACLU de Iowa - ACLU of Iowa<\/title>\n<meta name=\"robots\" content=\"index, follow, max-snippet:-1, max-image-preview:large, max-video-preview:-1\" \/>\n<link rel=\"canonical\" href=\"https:\/\/www.aclu-ia.org\/es\/sobre-la-aclu-de-iowa\/\" \/>\n<meta property=\"og:locale\" content=\"es_ES\" \/>\n<meta property=\"og:type\" content=\"article\" \/>\n<meta property=\"og:title\" content=\"Sobre la ACLU de Iowa - ACLU of Iowa\" \/>\n<meta property=\"og:description\" content=\"Desde su comienzo en 1935, la Uni\u00f3n Americana de Libertades Civiles (ACLU) de Iowa ha protegido las libertades b\u00e1sicas de todos en nuestro estado. Somos una organizaci\u00f3n privada, sin afiliaci\u00f3n pol\u00edtica y sin fines de lucro, que lucha para avanzar libertades civiles y defender la constituci\u00f3nes de Iowa y los Estados Unidos. Somos el afiliado [&hellip;]\" \/>\n<meta property=\"og:url\" content=\"https:\/\/www.aclu-ia.org\/es\/sobre-la-aclu-de-iowa\/\" \/>\n<meta property=\"og:site_name\" content=\"ACLU of Iowa\" \/>\n<meta property=\"og:image\" content=\"https:\/\/www.aclu-ia.org\/app\/themes\/aclu-parent\/img\/default_fb_share.jpg\" \/>\n<meta name=\"twitter:card\" content=\"summary_large_image\" \/>\n<script type=\"application\/ld+json\" class=\"yoast-schema-graph\">{\"@context\":\"https:\/\/schema.org\",\"@graph\":[{\"@type\":\"WebPage\",\"@id\":\"https:\/\/www.aclu-ia.org\/es\/sobre-la-aclu-de-iowa\/\",\"url\":\"https:\/\/www.aclu-ia.org\/es\/sobre-la-aclu-de-iowa\/\",\"name\":\"Sobre la ACLU de Iowa - ACLU of Iowa\",\"isPartOf\":{\"@id\":\"https:\/\/www.aclu-ia.org\/#website\"},\"datePublished\":\"2014-10-02T04:00:00+00:00\",\"inLanguage\":\"es-ES\",\"potentialAction\":[{\"@type\":\"ReadAction\",\"target\":[\"https:\/\/www.aclu-ia.org\/es\/sobre-la-aclu-de-iowa\/\"]}]},{\"@type\":\"WebSite\",\"@id\":\"https:\/\/www.aclu-ia.org\/#website\",\"url\":\"https:\/\/www.aclu-ia.org\/\",\"name\":\"ACLU of Iowa\",\"description\":\"An Iowa We Can Believe In\",\"publisher\":{\"@id\":\"https:\/\/www.aclu-ia.org\/#organization\"},\"potentialAction\":[{\"@type\":\"SearchAction\",\"target\":{\"@type\":\"EntryPoint\",\"urlTemplate\":\"https:\/\/www.aclu-ia.org\/?s={search_term_string}\"},\"query-input\":{\"@type\":\"PropertyValueSpecification\",\"valueRequired\":true,\"valueName\":\"search_term_string\"}}],\"inLanguage\":\"es-ES\"},{\"@type\":\"Organization\",\"@id\":\"https:\/\/www.aclu-ia.org\/#organization\",\"name\":\"ACLU of Iowa\",\"url\":\"https:\/\/www.aclu-ia.org\/\",\"logo\":{\"@type\":\"ImageObject\",\"inLanguage\":\"es-ES\",\"@id\":\"https:\/\/www.aclu-ia.org\/#\/schema\/logo\/image\/\",\"url\":\"https:\/\/www.aclu-ia.org\/app\/uploads\/2025\/08\/ACLU_Iowa_Moblie-Web_Color_RGB.png\",\"contentUrl\":\"https:\/\/www.aclu-ia.org\/app\/uploads\/2025\/08\/ACLU_Iowa_Moblie-Web_Color_RGB.png\",\"width\":2084,\"height\":2084,\"caption\":\"ACLU of Iowa\"},\"image\":{\"@id\":\"https:\/\/www.aclu-ia.org\/#\/schema\/logo\/image\/\"}}]}<\/script>\n<!-- \/ Yoast SEO plugin. -->","yoast_head_json":{"title":"Sobre la ACLU de Iowa - ACLU of Iowa","robots":{"index":"index","follow":"follow","max-snippet":"max-snippet:-1","max-image-preview":"max-image-preview:large","max-video-preview":"max-video-preview:-1"},"canonical":"https:\/\/www.aclu-ia.org\/es\/sobre-la-aclu-de-iowa\/","og_locale":"es_ES","og_type":"article","og_title":"Sobre la ACLU de Iowa - ACLU of Iowa","og_description":"Desde su comienzo en 1935, la Uni\u00f3n Americana de Libertades Civiles (ACLU) de Iowa ha protegido las libertades b\u00e1sicas de todos en nuestro estado. Somos una organizaci\u00f3n privada, sin afiliaci\u00f3n pol\u00edtica y sin fines de lucro, que lucha para avanzar libertades civiles y defender la constituci\u00f3nes de Iowa y los Estados Unidos. Somos el afiliado [&hellip;]","og_url":"https:\/\/www.aclu-ia.org\/es\/sobre-la-aclu-de-iowa\/","og_site_name":"ACLU of Iowa","og_image":[{"url":"https:\/\/www.aclu-ia.org\/app\/themes\/aclu-parent\/img\/default_fb_share.jpg","type":"","width":"","height":""}],"twitter_card":"summary_large_image","schema":{"@context":"https:\/\/schema.org","@graph":[{"@type":"WebPage","@id":"https:\/\/www.aclu-ia.org\/es\/sobre-la-aclu-de-iowa\/","url":"https:\/\/www.aclu-ia.org\/es\/sobre-la-aclu-de-iowa\/","name":"Sobre la ACLU de Iowa - ACLU of Iowa","isPartOf":{"@id":"https:\/\/www.aclu-ia.org\/#website"},"datePublished":"2014-10-02T04:00:00+00:00","inLanguage":"es-ES","potentialAction":[{"@type":"ReadAction","target":["https:\/\/www.aclu-ia.org\/es\/sobre-la-aclu-de-iowa\/"]}]},{"@type":"WebSite","@id":"https:\/\/www.aclu-ia.org\/#website","url":"https:\/\/www.aclu-ia.org\/","name":"ACLU of Iowa","description":"An Iowa We Can Believe In","publisher":{"@id":"https:\/\/www.aclu-ia.org\/#organization"},"potentialAction":[{"@type":"SearchAction","target":{"@type":"EntryPoint","urlTemplate":"https:\/\/www.aclu-ia.org\/?s={search_term_string}"},"query-input":{"@type":"PropertyValueSpecification","valueRequired":true,"valueName":"search_term_string"}}],"inLanguage":"es-ES"},{"@type":"Organization","@id":"https:\/\/www.aclu-ia.org\/#organization","name":"ACLU of Iowa","url":"https:\/\/www.aclu-ia.org\/","logo":{"@type":"ImageObject","inLanguage":"es-ES","@id":"https:\/\/www.aclu-ia.org\/#\/schema\/logo\/image\/","url":"https:\/\/www.aclu-ia.org\/app\/uploads\/2025\/08\/ACLU_Iowa_Moblie-Web_Color_RGB.png","contentUrl":"https:\/\/www.aclu-ia.org\/app\/uploads\/2025\/08\/ACLU_Iowa_Moblie-Web_Color_RGB.png","width":2084,"height":2084,"caption":"ACLU of Iowa"},"image":{"@id":"https:\/\/www.aclu-ia.org\/#\/schema\/logo\/image\/"}}]}},"distributor_meta":false,"distributor_terms":false,"distributor_media":false,"distributor_original_site_name":"ACLU of Iowa","distributor_original_site_url":"https:\/\/www.aclu-ia.org\/es\/","push-errors":false,"_links":{"self":[{"href":"https:\/\/www.aclu-ia.org\/es\/wp-json\/wp\/v2\/pages\/1756","targetHints":{"allow":["GET"]}}],"collection":[{"href":"https:\/\/www.aclu-ia.org\/es\/wp-json\/wp\/v2\/pages"}],"about":[{"href":"https:\/\/www.aclu-ia.org\/es\/wp-json\/wp\/v2\/types\/page"}],"replies":[{"embeddable":true,"href":"https:\/\/www.aclu-ia.org\/es\/wp-json\/wp\/v2\/comments?post=1756"}],"version-history":[{"count":0,"href":"https:\/\/www.aclu-ia.org\/es\/wp-json\/wp\/v2\/pages\/1756\/revisions"}],"wp:attachment":[{"href":"https:\/\/www.aclu-ia.org\/es\/wp-json\/wp\/v2\/media?parent=1756"}],"curies":[{"name":"wp","href":"https:\/\/api.w.org\/{rel}","templated":true}]}}